{"id":28,"date":"2015-01-10T08:37:50","date_gmt":"2015-01-10T08:37:50","guid":{"rendered":"http:\/\/www.rol-lift.ee\/?page_id=28"},"modified":"2015-01-23T11:32:17","modified_gmt":"2015-01-23T11:32:17","slug":"kaartostukid-ja-laadimissillad","status":"publish","type":"page","link":"https:\/\/rol-lift.ee\/et\/kaartostukid-ja-laadimissillad\/","title":{"rendered":"K\u00e4\u00e4rt\u00f5stukid ja laadimissillad"},"content":{"rendered":"<p><b>K\u00e4\u00e4rt\u00f5stukid<\/b><\/p>\n<p>Me pakume laia valikut k\u00e4\u00e4rt\u00f5stukeid, TRANSLYFT firma kaubad, alates minik\u00e4\u00e4rt\u00f5stuk-st kuni k\u00f5ige suuremate t\u00f5stukiteni, mille platvormi pikkuseks on kuni 6m ja t\u00f5stev\u00f5imsuseks 10 tonni. Meie valikus on \u00fcle 100 standard mudeli.<br \/>\n<a href=\"http:\/\/www.standardebooksmode.com\">ASCE 7<\/a><br \/>\n<a href=\"http:\/\/www.bestpdfcodes.com\">api std 1104<\/a><br \/>\n<a href=\"http:\/\/www.okpdfcodes.com\">ASME B20.1<\/a><br \/>\n<a href=\"http:\/\/www.codepdfspa.com\">nfpa 54<\/a><br \/>\n<a href=\"http:\/\/www.spapdfcode.com\">ASME Section 8<\/a><br \/>\n<a href=\"http:\/\/www.codespac.com\">NFPA (Fire) 70<\/a><br \/>\n<a href=\"http:\/\/www.discountcodeshop.net\">ICC IRC<\/a><br \/>\n<a href=\"http:\/\/www.standardpdfdeals.com\">ASME A17.2<\/a><\/p>\n<p>&nbsp;<\/p>\n<p><strong>K\u00e4\u00e4rt\u00f5stukid <\/strong>&#8211; statsionaarsed t\u00f5stelauad\u00a0 on m\u00f5eldud k\u00f5ikv\u00f5imalike t\u00f6\u00f6de (raskemate toodete t\u00f5stmiseks montaazil, remondil v\u00f5i pakendamisel) ja paigaldamiste maksimaalse ergonoomika saavutamiseks.<br \/>\n<a href=\"http:\/\/www.standardebooksmode.com\">ashrae 62.1<\/a><br \/>\n<a href=\"http:\/\/www.bestpdfcodes.com\">ashrae 90.1<\/a><br \/>\n<a href=\"http:\/\/www.okpdfcodes.com\">asme y14.5<\/a><br \/>\n<a href=\"http:\/\/www.codepdfspa.com\">api std 650<\/a><br \/>\n<a href=\"http:\/\/www.spapdfcode.com\">2014 api standards<\/a><br \/>\n<a href=\"http:\/\/www.codespac.com\">asme b31.3<\/a><br \/>\n<a href=\"http:\/\/www.discountcodeshop.net\">ASME Section II<\/a><br \/>\n<a href=\"http:\/\/www.standardpdfdeals.com\">API SPEC 6A<\/a><\/p>\n<p>&nbsp;<\/p>\n<p><strong>Laadimissillad<\/strong><\/p>\n<p>Laadimissildasid kasutatakse veoautode laadimise v\u00f5i mahalaadimise kiirendamiseks ja lihtsustamiseks estakaadidel. Laadimissilla abil saab t\u00f5stukiga v\u00f5i k\u00e4sikahvelt\u00f5stukiga toimetada kaubaalused laost otse treilerisse.<br \/>\n<a href=\"http:\/\/www.standardebooksmode.com\">nace mr0175<\/a><br \/>\n<a href=\"http:\/\/www.bestpdfcodes.com\">aws d1.6<\/a><br \/>\n<a href=\"http:\/\/www.okpdfcodes.com\">asme b31.8<\/a><br \/>\n<a href=\"http:\/\/www.codepdfspa.com\">ASME A17.1<\/a><br \/>\n<a href=\"http:\/\/www.spapdfcode.com\/asme-b3112012-p-412560.html\">ASME B31.1<\/a><br \/>\n<a href=\"http:\/\/www.codespac.com\">ASHRAE 180<\/a><br \/>\n<a href=\"http:\/\/www.discountcodeshop.net\">ASME Section IX<\/a><br \/>\n<a href=\"http:\/\/www.standardpdfdeals.com\">ASME B20.1<\/a><\/p>\n<p>&nbsp;<\/p>\n<p>\n\t\t<style type=\"text\/css\">\n\t\t\t#gallery-1 {\n\t\t\t\tmargin: auto;\n\t\t\t}\n\t\t\t#gallery-1 .gallery-item {\n\t\t\t\tfloat: left;\n\t\t\t\tmargin-top: 10px;\n\t\t\t\ttext-align: center;\n\t\t\t\twidth: 25%;\n\t\t\t}\n\t\t\t#gallery-1 img {\n\t\t\t\tborder: 2px solid #cfcfcf;\n\t\t\t}\n\t\t\t#gallery-1 .gallery-caption {\n\t\t\t\tmargin-left: 0;\n\t\t\t}\n\t\t\t\/* see gallery_shortcode() in wp-includes\/media.php *\/\n\t\t<\/style>\n\t\t<div id='gallery-1' class='gallery galleryid-28 gallery-columns-4 gallery-size-thumbnail'><dl class='gallery-item'>\n\t\t\t<dt class='gallery-icon landscape'>\n\t\t\t\t<a href='https:\/\/rol-lift.ee\/wp-content\/uploads\/2015\/01\/5661572-1.jpg'><img loading=\"lazy\" decoding=\"async\" width=\"150\" height=\"150\" src=\"https:\/\/rol-lift.ee\/wp-content\/uploads\/2015\/01\/5661572-1-150x150.jpg\" class=\"attachment-thumbnail size-thumbnail\" alt=\"\" \/><\/a>\n\t\t\t<\/dt><\/dl><dl class='gallery-item'>\n\t\t\t<dt class='gallery-icon landscape'>\n\t\t\t\t<a href='https:\/\/rol-lift.ee\/wp-content\/uploads\/2015\/01\/loading_bay1.jpg'><img loading=\"lazy\" decoding=\"async\" width=\"150\" height=\"150\" src=\"https:\/\/rol-lift.ee\/wp-content\/uploads\/2015\/01\/loading_bay1-150x150.jpg\" class=\"attachment-thumbnail size-thumbnail\" alt=\"\" \/><\/a>\n\t\t\t<\/dt><\/dl>\n\t\t\t<br style='clear: both' \/>\n\t\t<\/div>\n<\/p>","protected":false},"excerpt":{"rendered":"<p>K\u00e4\u00e4rt\u00f5stukid Me pakume laia valikut k\u00e4\u00e4rt\u00f5stukeid, TRANSLYFT firma kaubad, alates minik\u00e4\u00e4rt\u00f5stuk-st kuni k\u00f5ige suuremate t\u00f5stukiteni, mille platvormi pikkuseks on kuni 6m ja t\u00f5stev\u00f5imsuseks 10 tonni. Meie valikus on \u00fcle 100 standard mudeli. ASCE 7 api std 1104 ASME B20.1 nfpa 54 ASME Section 8 NFPA (Fire) 70 ICC IRC ASME A17.2 &nbsp; K\u00e4\u00e4rt\u00f5stukid &#8211; statsionaarsed [&hellip;]<\/p>\n","protected":false},"author":1,"featured_media":249,"parent":0,"menu_order":7,"comment_status":"open","ping_status":"open","template":"","meta":{"footnotes":""},"class_list":["post-28","page","type-page","status-publish","has-post-thumbnail","hentry"],"_links":{"self":[{"href":"https:\/\/rol-lift.ee\/et\/wp-json\/wp\/v2\/pages\/28","targetHints":{"allow":["GET"]}}],"collection":[{"href":"https:\/\/rol-lift.ee\/et\/wp-json\/wp\/v2\/pages"}],"about":[{"href":"https:\/\/rol-lift.ee\/et\/wp-json\/wp\/v2\/types\/page"}],"author":[{"embeddable":true,"href":"https:\/\/rol-lift.ee\/et\/wp-json\/wp\/v2\/users\/1"}],"replies":[{"embeddable":true,"href":"https:\/\/rol-lift.ee\/et\/wp-json\/wp\/v2\/comments?post=28"}],"version-history":[{"count":5,"href":"https:\/\/rol-lift.ee\/et\/wp-json\/wp\/v2\/pages\/28\/revisions"}],"predecessor-version":[{"id":319,"href":"https:\/\/rol-lift.ee\/et\/wp-json\/wp\/v2\/pages\/28\/revisions\/319"}],"wp:featuredmedia":[{"embeddable":true,"href":"https:\/\/rol-lift.ee\/et\/wp-json\/wp\/v2\/media\/249"}],"wp:attachment":[{"href":"https:\/\/rol-lift.ee\/et\/wp-json\/wp\/v2\/media?parent=28"}],"curies":[{"name":"wp","href":"https:\/\/api.w.org\/{rel}","templated":true}]}}