{"id":396,"date":"2015-01-29T09:03:01","date_gmt":"2015-01-29T09:03:01","guid":{"rendered":"http:\/\/www.rol-lift.ee\/?page_id=396"},"modified":"2019-12-29T16:02:57","modified_gmt":"2019-12-29T16:02:57","slug":"mudel-vtpm4000","status":"publish","type":"page","link":"https:\/\/rol-lift.ee\/et\/vertikaalsed\/mudel-vtpm4000\/","title":{"rendered":"Mudel VTPM4000"},"content":{"rendered":"<p>Vertikaalne invaplatvorm lift \u00a0VTPM 4.000-4,5 m<\/p>\n<p>Kavandatav t\u00f5steplatvormidega vertikaalse liikumisega lift on m\u00f5eldud kasutusele avalikuhoonetesse, t\u00f6\u00f6stushoonetesse ja eramudele. T\u00f5stuk\u00f5rgus on kuni 4,5m<\/p>\n\n\t\t<style type=\"text\/css\">\n\t\t\t#gallery-1 {\n\t\t\t\tmargin: auto;\n\t\t\t}\n\t\t\t#gallery-1 .gallery-item {\n\t\t\t\tfloat: left;\n\t\t\t\tmargin-top: 10px;\n\t\t\t\ttext-align: center;\n\t\t\t\twidth: 25%;\n\t\t\t}\n\t\t\t#gallery-1 img {\n\t\t\t\tborder: 2px solid #cfcfcf;\n\t\t\t}\n\t\t\t#gallery-1 .gallery-caption {\n\t\t\t\tmargin-left: 0;\n\t\t\t}\n\t\t\t\/* see gallery_shortcode() in wp-includes\/media.php *\/\n\t\t<\/style>\n\t\t<div id='gallery-1' class='gallery galleryid-396 gallery-columns-4 gallery-size-thumbnail'><dl class='gallery-item'>\n\t\t\t<dt class='gallery-icon landscape'>\n\t\t\t\t<a href='https:\/\/rol-lift.ee\/et\/vertikaalsed\/p1020618\/'><img loading=\"lazy\" decoding=\"async\" width=\"150\" height=\"150\" src=\"https:\/\/rol-lift.ee\/wp-content\/uploads\/2015\/01\/P1020618-150x150.jpg\" class=\"attachment-thumbnail size-thumbnail\" alt=\"\" \/><\/a>\n\t\t\t<\/dt><\/dl><dl class='gallery-item'>\n\t\t\t<dt class='gallery-icon portrait'>\n\t\t\t\t<a href='https:\/\/rol-lift.ee\/et\/vertikaalsed\/p1020982\/'><img loading=\"lazy\" decoding=\"async\" width=\"150\" height=\"150\" src=\"https:\/\/rol-lift.ee\/wp-content\/uploads\/2015\/01\/P1020982-150x150.jpg\" class=\"attachment-thumbnail size-thumbnail\" alt=\"\" \/><\/a>\n\t\t\t<\/dt><\/dl><dl class='gallery-item'>\n\t\t\t<dt class='gallery-icon landscape'>\n\t\t\t\t<a href='https:\/\/rol-lift.ee\/et\/vertikaalsed\/olympus-digital-camera\/'><img loading=\"lazy\" decoding=\"async\" width=\"150\" height=\"150\" src=\"https:\/\/rol-lift.ee\/wp-content\/uploads\/2015\/01\/P3131524-150x150.jpg\" class=\"attachment-thumbnail size-thumbnail\" alt=\"\" \/><\/a>\n\t\t\t<\/dt><\/dl><dl class='gallery-item'>\n\t\t\t<dt class='gallery-icon portrait'>\n\t\t\t\t<a href='https:\/\/rol-lift.ee\/et\/galerii\/foto-usin-3\/'><img loading=\"lazy\" decoding=\"async\" width=\"150\" height=\"150\" src=\"https:\/\/rol-lift.ee\/wp-content\/uploads\/2015\/01\/foto-usin-3-150x150.jpg\" class=\"attachment-thumbnail size-thumbnail\" alt=\"\" \/><\/a>\n\t\t\t<\/dt><\/dl><br style=\"clear: both\" \/>\n\t\t<\/div>\n\n<p>Kui on vahe trepidel, siis see lift v\u00f5ib olla sinna paigaldadud, sest et tema uksed saab avada kolmele k\u00fclge. Lifti saab paigaldada \u00f5ues (hoone v\u00e4ljaspoolt) n\u00e4iteks, kui hoones on r\u00f5dud, spetsiaalses panoraam v\u00f5i suletud sahtis.<\/p>\n\n\t\t<style type=\"text\/css\">\n\t\t\t#gallery-2 {\n\t\t\t\tmargin: auto;\n\t\t\t}\n\t\t\t#gallery-2 .gallery-item {\n\t\t\t\tfloat: left;\n\t\t\t\tmargin-top: 10px;\n\t\t\t\ttext-align: center;\n\t\t\t\twidth: 25%;\n\t\t\t}\n\t\t\t#gallery-2 img {\n\t\t\t\tborder: 2px solid #cfcfcf;\n\t\t\t}\n\t\t\t#gallery-2 .gallery-caption {\n\t\t\t\tmargin-left: 0;\n\t\t\t}\n\t\t\t\/* see gallery_shortcode() in wp-includes\/media.php *\/\n\t\t<\/style>\n\t\t<div id='gallery-2' class='gallery galleryid-396 gallery-columns-4 gallery-size-thumbnail'><dl class='gallery-item'>\n\t\t\t<dt class='gallery-icon portrait'>\n\t\t\t\t<a href='https:\/\/rol-lift.ee\/et\/vertikaalsed\/mudel-vtpm4000\/dsc_0007\/'><img loading=\"lazy\" decoding=\"async\" width=\"150\" height=\"150\" src=\"https:\/\/rol-lift.ee\/wp-content\/uploads\/2015\/01\/DSC_0007-150x150.jpg\" class=\"attachment-thumbnail size-thumbnail\" alt=\"\" \/><\/a>\n\t\t\t<\/dt><\/dl><dl class='gallery-item'>\n\t\t\t<dt class='gallery-icon portrait'>\n\t\t\t\t<a href='https:\/\/rol-lift.ee\/et\/vertikaalsed\/mudel-vtpm4000\/dsc_0011\/'><img loading=\"lazy\" decoding=\"async\" width=\"150\" height=\"150\" src=\"https:\/\/rol-lift.ee\/wp-content\/uploads\/2015\/01\/DSC_0011-150x150.jpg\" class=\"attachment-thumbnail size-thumbnail\" alt=\"\" \/><\/a>\n\t\t\t<\/dt><\/dl><dl class='gallery-item'>\n\t\t\t<dt class='gallery-icon portrait'>\n\t\t\t\t<a href='https:\/\/rol-lift.ee\/et\/vertikaalsed\/mudel-vtpm4000\/dsc_0013\/'><img loading=\"lazy\" decoding=\"async\" width=\"150\" height=\"150\" src=\"https:\/\/rol-lift.ee\/wp-content\/uploads\/2015\/01\/DSC_0013-150x150.jpg\" class=\"attachment-thumbnail size-thumbnail\" alt=\"\" \/><\/a>\n\t\t\t<\/dt><\/dl><dl class='gallery-item'>\n\t\t\t<dt class='gallery-icon portrait'>\n\t\t\t\t<a href='https:\/\/rol-lift.ee\/et\/vertikaalsed\/mudel-vtpm4000\/dsc_0015\/'><img loading=\"lazy\" decoding=\"async\" width=\"150\" height=\"150\" src=\"https:\/\/rol-lift.ee\/wp-content\/uploads\/2015\/01\/DSC_0015-150x150.jpg\" class=\"attachment-thumbnail size-thumbnail\" alt=\"\" \/><\/a>\n\t\t\t<\/dt><\/dl><br style=\"clear: both\" \/>\n\t\t<\/div>\n\n<p>&nbsp;<\/p>","protected":false},"excerpt":{"rendered":"<p>Vertikaalne invaplatvorm lift \u00a0VTPM 4.000-4,5 m Kavandatav t\u00f5steplatvormidega vertikaalse liikumisega lift on m\u00f5eldud kasutusele avalikuhoonetesse, t\u00f6\u00f6stushoonetesse ja eramudele. T\u00f5stuk\u00f5rgus on kuni 4,5m Kui on vahe trepidel, siis see lift v\u00f5ib olla sinna paigaldadud, sest et tema uksed saab avada kolmele k\u00fclge. Lifti saab paigaldada \u00f5ues (hoone v\u00e4ljaspoolt) n\u00e4iteks, kui hoones on r\u00f5dud, spetsiaalses panoraam v\u00f5i [&hellip;]<\/p>\n","protected":false},"author":2,"featured_media":213,"parent":33,"menu_order":0,"comment_status":"open","ping_status":"open","template":"","meta":{"footnotes":""},"class_list":["post-396","page","type-page","status-publish","has-post-thumbnail","hentry"],"_links":{"self":[{"href":"https:\/\/rol-lift.ee\/et\/wp-json\/wp\/v2\/pages\/396","targetHints":{"allow":["GET"]}}],"collection":[{"href":"https:\/\/rol-lift.ee\/et\/wp-json\/wp\/v2\/pages"}],"about":[{"href":"https:\/\/rol-lift.ee\/et\/wp-json\/wp\/v2\/types\/page"}],"author":[{"embeddable":true,"href":"https:\/\/rol-lift.ee\/et\/wp-json\/wp\/v2\/users\/2"}],"replies":[{"embeddable":true,"href":"https:\/\/rol-lift.ee\/et\/wp-json\/wp\/v2\/comments?post=396"}],"version-history":[{"count":5,"href":"https:\/\/rol-lift.ee\/et\/wp-json\/wp\/v2\/pages\/396\/revisions"}],"predecessor-version":[{"id":936,"href":"https:\/\/rol-lift.ee\/et\/wp-json\/wp\/v2\/pages\/396\/revisions\/936"}],"up":[{"embeddable":true,"href":"https:\/\/rol-lift.ee\/et\/wp-json\/wp\/v2\/pages\/33"}],"wp:featuredmedia":[{"embeddable":true,"href":"https:\/\/rol-lift.ee\/et\/wp-json\/wp\/v2\/media\/213"}],"wp:attachment":[{"href":"https:\/\/rol-lift.ee\/et\/wp-json\/wp\/v2\/media?parent=396"}],"curies":[{"name":"wp","href":"https:\/\/api.w.org\/{rel}","templated":true}]}}