{"id":4,"date":"2015-01-10T07:23:40","date_gmt":"2015-01-10T07:23:40","guid":{"rendered":"http:\/\/www.rol-lift.ee\/?page_id=4"},"modified":"2026-02-23T11:51:14","modified_gmt":"2026-02-23T11:51:14","slug":"firmastkontakt","status":"publish","type":"page","link":"https:\/\/rol-lift.ee\/et\/","title":{"rendered":"Firmast\/kontakt"},"content":{"rendered":"<p>&nbsp;<\/p>\n<table style=\"width: 100%;\">\n<tbody>\n<tr>\n<td>\n<p>Rol Automatik Group on loodud 1994 aastal. Eesti turule tulime 2009 aastal.<\/p>\n<p>Rol automatik O\u00dc on kiiresti kasvav tervise abivahendite m\u00fc\u00fcgiga tegelev ettev\u00f5te.<\/p>\n<p>Toodete tellimine on lihtne ja tarneaeg kiire, kuna omame enda oma ladu ja tehas Riias ning kindlaid tarnepartnereid. Pakutavad tooted on usaldusv\u00e4\u00e4rsed ja kvaliteetsed, samas m\u00f5istliku hinnaga.<\/p>\n<p>Meie meeskond on abivalmid ja asjatundlikud oma ala spetsialistid, kes n\u00f5ustavad kliente sobilike ja \u00f5igete toodete valikul, teenindame kliente \u00fcle vabariigi.<\/p>\n<p>Rol-automatik\u00a0O\u00dc<br \/>\nEhitajate\u00a0tee\u00a0114, pk\u00a035<br \/>\n13517\u00a0Tallinn, Eesti (ainult post)<\/p>\n<p>Mob. 55513138<\/p>\n<p>info@rol-lift.ee<\/p>\n<p>www.rol-lift.ee<\/td>\n<td style=\"width: 300px;\"><div class=\"feedback-form\">\n<div id=\"ve-feedback-res\"><\/div>\n<form action=\"https:\/\/rol-lift.ee\/wp-admin\/admin.php\" method=\"post\" id=\"ve-feedback-form\">\n    <input type=\"hidden\" name=\"redirect\" value=\"\/et\/wp-json\/wp\/v2\/pages\/4\" \/>\n    <input type=\"hidden\" name=\"action\" value=\"ve_feedback_send\" \/>\n    <input type=\"hidden\" name=\"lang\" value=\"et\" \/>\n    <input type=\"text\" name=\"fromname\" placeholder=\"Nimi\" required=\"true\" value=\"\" \/><br \/>\n    <input type=\"text\" name=\"email\" placeholder=\"E-mail\" required=\"true\" value=\"\" \/><br \/>\n    <textarea name=\"content\" placeholder=\"Sisu\" required=\"true\"><\/textarea><br \/>\n    <input type=\"submit\" name=\"send_mail\" value=\"Saada\" class=\"btn btn-default\" \/>\n<\/form>\n\n<\/div>\n<\/td>\n<\/tr>\n<\/tbody>\n<\/table>\n<p><\/p>","protected":false},"excerpt":{"rendered":"<p>&nbsp; Rol Automatik Group on loodud 1994 aastal. Eesti turule tulime 2009 aastal. Rol automatik O\u00dc on kiiresti kasvav tervise abivahendite m\u00fc\u00fcgiga tegelev ettev\u00f5te. Toodete tellimine on lihtne ja tarneaeg kiire, kuna omame enda oma ladu ja tehas Riias ning kindlaid tarnepartnereid. Pakutavad tooted on usaldusv\u00e4\u00e4rsed ja kvaliteetsed, samas m\u00f5istliku hinnaga. Meie meeskond on abivalmid [&hellip;]<\/p>\n","protected":false},"author":1,"featured_media":0,"parent":0,"menu_order":1,"comment_status":"open","ping_status":"open","template":"page-templates\/without-submenu.php","meta":{"footnotes":""},"class_list":["post-4","page","type-page","status-publish","hentry"],"_links":{"self":[{"href":"https:\/\/rol-lift.ee\/et\/wp-json\/wp\/v2\/pages\/4","targetHints":{"allow":["GET"]}}],"collection":[{"href":"https:\/\/rol-lift.ee\/et\/wp-json\/wp\/v2\/pages"}],"about":[{"href":"https:\/\/rol-lift.ee\/et\/wp-json\/wp\/v2\/types\/page"}],"author":[{"embeddable":true,"href":"https:\/\/rol-lift.ee\/et\/wp-json\/wp\/v2\/users\/1"}],"replies":[{"embeddable":true,"href":"https:\/\/rol-lift.ee\/et\/wp-json\/wp\/v2\/comments?post=4"}],"version-history":[{"count":5,"href":"https:\/\/rol-lift.ee\/et\/wp-json\/wp\/v2\/pages\/4\/revisions"}],"predecessor-version":[{"id":813,"href":"https:\/\/rol-lift.ee\/et\/wp-json\/wp\/v2\/pages\/4\/revisions\/813"}],"wp:attachment":[{"href":"https:\/\/rol-lift.ee\/et\/wp-json\/wp\/v2\/media?parent=4"}],"curies":[{"name":"wp","href":"https:\/\/api.w.org\/{rel}","templated":true}]}}