{"id":400,"date":"2015-01-28T14:07:07","date_gmt":"2015-01-28T14:07:07","guid":{"rendered":"http:\/\/www.rol-lift.ee\/?page_id=400"},"modified":"2019-12-29T16:00:43","modified_gmt":"2019-12-29T16:00:43","slug":"mudel-vtpm2000","status":"publish","type":"page","link":"https:\/\/www.rol-lift.ee\/et\/vertikaalsed\/mudel-vtpm2000\/","title":{"rendered":"Mudel VTPM2000"},"content":{"rendered":"<p>Kavandatav t\u00f5steplatvormidega vertikaalse liikumisega t\u00f5stuk on m\u00f5eldud kasutusele avalikuhoonetesse, t\u00f6\u00f6stushoonetesse ja eramudele. T\u00f5stuk\u00f5rgus on kuni 2m<\/p>\n<p>T\u00f5stuki saab paigaldada nii \u00f5ues kui hoone sees, spetsiaalses panoraam v\u00f5i suletud sahtis v\u00f5i ilma.<\/p>\n\n\t\t<style type=\"text\/css\">\n\t\t\t#gallery-1 {\n\t\t\t\tmargin: auto;\n\t\t\t}\n\t\t\t#gallery-1 .gallery-item {\n\t\t\t\tfloat: left;\n\t\t\t\tmargin-top: 10px;\n\t\t\t\ttext-align: center;\n\t\t\t\twidth: 25%;\n\t\t\t}\n\t\t\t#gallery-1 img {\n\t\t\t\tborder: 2px solid #cfcfcf;\n\t\t\t}\n\t\t\t#gallery-1 .gallery-caption {\n\t\t\t\tmargin-left: 0;\n\t\t\t}\n\t\t\t\/* see gallery_shortcode() in wp-includes\/media.php *\/\n\t\t<\/style>\n\t\t<div id='gallery-1' class='gallery galleryid-400 gallery-columns-4 gallery-size-thumbnail'><dl class='gallery-item'>\n\t\t\t<dt class='gallery-icon landscape'>\n\t\t\t\t<a href='https:\/\/www.rol-lift.ee\/et\/vertikaalsed\/vtpm-2000-7-ust-v-prijamok\/'><img loading=\"lazy\" decoding=\"async\" width=\"150\" height=\"150\" src=\"https:\/\/www.rol-lift.ee\/wp-content\/uploads\/2015\/01\/VTPM-2000-7-ust-v-prijamok-150x150.jpg\" class=\"attachment-thumbnail size-thumbnail\" alt=\"\" \/><\/a>\n\t\t\t<\/dt><\/dl><dl class='gallery-item'>\n\t\t\t<dt class='gallery-icon landscape'>\n\t\t\t\t<a href='https:\/\/www.rol-lift.ee\/et\/vertikaalsed\/vtpm-2000-8\/'><img loading=\"lazy\" decoding=\"async\" width=\"150\" height=\"150\" src=\"https:\/\/www.rol-lift.ee\/wp-content\/uploads\/2015\/01\/VTPM-2000-8-150x150.jpg\" class=\"attachment-thumbnail size-thumbnail\" alt=\"\" \/><\/a>\n\t\t\t<\/dt><\/dl><dl class='gallery-item'>\n\t\t\t<dt class='gallery-icon landscape'>\n\t\t\t\t<a href='https:\/\/www.rol-lift.ee\/et\/vertikaalsed\/vtpm01\/'><img loading=\"lazy\" decoding=\"async\" width=\"150\" height=\"150\" src=\"https:\/\/www.rol-lift.ee\/wp-content\/uploads\/2015\/01\/vtpm01-150x150.jpg\" class=\"attachment-thumbnail size-thumbnail\" alt=\"\" \/><\/a>\n\t\t\t<\/dt><\/dl><dl class='gallery-item'>\n\t\t\t<dt class='gallery-icon portrait'>\n\t\t\t\t<a href='https:\/\/www.rol-lift.ee\/et\/vertikaalsed\/vtpm-2000-2\/'><img loading=\"lazy\" decoding=\"async\" width=\"150\" height=\"150\" src=\"https:\/\/www.rol-lift.ee\/wp-content\/uploads\/2015\/01\/VTPM-2000-2-150x150.jpg\" class=\"attachment-thumbnail size-thumbnail\" alt=\"\" \/><\/a>\n\t\t\t<\/dt><\/dl><br style=\"clear: both\" \/><dl class='gallery-item'>\n\t\t\t<dt class='gallery-icon landscape'>\n\t\t\t\t<a href='https:\/\/www.rol-lift.ee\/et\/vertikaalsed\/vtpm-2000-3\/'><img loading=\"lazy\" decoding=\"async\" width=\"150\" height=\"150\" src=\"https:\/\/www.rol-lift.ee\/wp-content\/uploads\/2015\/01\/VTPM-2000-3-150x150.jpg\" class=\"attachment-thumbnail size-thumbnail\" alt=\"\" \/><\/a>\n\t\t\t<\/dt><\/dl><dl class='gallery-item'>\n\t\t\t<dt class='gallery-icon portrait'>\n\t\t\t\t<a href='https:\/\/www.rol-lift.ee\/et\/vertikaalsed\/olympus-digital-camera-3\/'><img loading=\"lazy\" decoding=\"async\" width=\"150\" height=\"150\" src=\"https:\/\/www.rol-lift.ee\/wp-content\/uploads\/2015\/01\/P7121898-150x150.jpg\" class=\"attachment-thumbnail size-thumbnail\" alt=\"\" \/><\/a>\n\t\t\t<\/dt><\/dl><dl class='gallery-item'>\n\t\t\t<dt class='gallery-icon landscape'>\n\t\t\t\t<a href='https:\/\/www.rol-lift.ee\/et\/vertikaalsed\/olympus-digital-camera-4\/'><img loading=\"lazy\" decoding=\"async\" width=\"150\" height=\"150\" src=\"https:\/\/www.rol-lift.ee\/wp-content\/uploads\/2015\/01\/P7121909-150x150.jpg\" class=\"attachment-thumbnail size-thumbnail\" alt=\"\" \/><\/a>\n\t\t\t<\/dt><\/dl><dl class='gallery-item'>\n\t\t\t<dt class='gallery-icon portrait'>\n\t\t\t\t<a href='https:\/\/www.rol-lift.ee\/et\/liftid\/elumajade-liftid\/home_lift02\/'><img loading=\"lazy\" decoding=\"async\" width=\"150\" height=\"150\" src=\"https:\/\/www.rol-lift.ee\/wp-content\/uploads\/2015\/01\/home_lift02-150x150.jpg\" class=\"attachment-thumbnail size-thumbnail\" alt=\"\" \/><\/a>\n\t\t\t<\/dt><\/dl><br style=\"clear: both\" \/>\n\t\t<\/div>\n\n<p style=\"text-align: center;\">\u00a0Tehnilised andmed:<\/p>\n<p style=\"text-align: center;\"><a href=\"http:\/\/www.rol-lift.ee\/wp-content\/uploads\/2015\/01\/VTPM2000-teh-moot2.jpg\"><img loading=\"lazy\" decoding=\"async\" class=\"alignleft wp-image-556 size-full\" src=\"http:\/\/www.rol-lift.ee\/wp-content\/uploads\/2015\/01\/VTPM2000-teh-moot2.jpg\" alt=\"VTPM2000 teh moot2\" width=\"838\" height=\"278\" srcset=\"https:\/\/www.rol-lift.ee\/wp-content\/uploads\/2015\/01\/VTPM2000-teh-moot2.jpg 838w, https:\/\/www.rol-lift.ee\/wp-content\/uploads\/2015\/01\/VTPM2000-teh-moot2-300x100.jpg 300w\" sizes=\"auto, (max-width: 838px) 100vw, 838px\" \/><\/a><\/p>\n<p>&nbsp;<\/p>","protected":false},"excerpt":{"rendered":"<p>Kavandatav t\u00f5steplatvormidega vertikaalse liikumisega t\u00f5stuk on m\u00f5eldud kasutusele avalikuhoonetesse, t\u00f6\u00f6stushoonetesse ja eramudele. T\u00f5stuk\u00f5rgus on kuni 2m T\u00f5stuki saab paigaldada nii \u00f5ues kui hoone sees, spetsiaalses panoraam v\u00f5i suletud sahtis v\u00f5i ilma. \u00a0Tehnilised andmed: &nbsp;<\/p>\n","protected":false},"author":2,"featured_media":125,"parent":33,"menu_order":0,"comment_status":"open","ping_status":"open","template":"","meta":{"footnotes":""},"class_list":["post-400","page","type-page","status-publish","has-post-thumbnail","hentry"],"_links":{"self":[{"href":"https:\/\/www.rol-lift.ee\/et\/wp-json\/wp\/v2\/pages\/400","targetHints":{"allow":["GET"]}}],"collection":[{"href":"https:\/\/www.rol-lift.ee\/et\/wp-json\/wp\/v2\/pages"}],"about":[{"href":"https:\/\/www.rol-lift.ee\/et\/wp-json\/wp\/v2\/types\/page"}],"author":[{"embeddable":true,"href":"https:\/\/www.rol-lift.ee\/et\/wp-json\/wp\/v2\/users\/2"}],"replies":[{"embeddable":true,"href":"https:\/\/www.rol-lift.ee\/et\/wp-json\/wp\/v2\/comments?post=400"}],"version-history":[{"count":5,"href":"https:\/\/www.rol-lift.ee\/et\/wp-json\/wp\/v2\/pages\/400\/revisions"}],"predecessor-version":[{"id":934,"href":"https:\/\/www.rol-lift.ee\/et\/wp-json\/wp\/v2\/pages\/400\/revisions\/934"}],"up":[{"embeddable":true,"href":"https:\/\/www.rol-lift.ee\/et\/wp-json\/wp\/v2\/pages\/33"}],"wp:featuredmedia":[{"embeddable":true,"href":"https:\/\/www.rol-lift.ee\/et\/wp-json\/wp\/v2\/media\/125"}],"wp:attachment":[{"href":"https:\/\/www.rol-lift.ee\/et\/wp-json\/wp\/v2\/media?parent=400"}],"curies":[{"name":"wp","href":"https:\/\/api.w.org\/{rel}","templated":true}]}}