{"id":405,"date":"2015-01-29T09:00:58","date_gmt":"2015-01-29T09:00:58","guid":{"rendered":"http:\/\/www.rol-lift.ee\/?page_id=405"},"modified":"2019-12-29T15:58:01","modified_gmt":"2019-12-29T15:58:01","slug":"mudel-vtpm1040","status":"publish","type":"page","link":"https:\/\/rol-lift.ee\/et\/vertikaalsed\/mudel-vtpm1040\/","title":{"rendered":"Mudel VTPM1040"},"content":{"rendered":"<p>Vertikaalne lift invaliidide VTPM 1040-1 m.<\/p>\n<p>Euroopa direktiivid annavad v\u00f5imalust paigaldama sellised vertikaalsed liftid elamutesse ja muudesse avalikusse kohtadesse.<\/p>\n<p>T\u00f5stuki olenevalt mudelist saab paigaldada v\u00e4ljaspool hoonet ja selle sees.<\/p>\n<p>Vertikaalne t\u00f5stuk invaliidide VTPM1040 on h\u00fcdraulilise t\u00f5stmise mehhanismiga( nagu k\u00e4\u00e4rut\u00f5stukitel) ja t\u00f5stek\u00f5rgus kuni 1 meeter. Need seadmed ei vaja t\u00e4ielikult suletud kabiini ja piirded paigaldatakse vastavalt reisija turvalisuse n\u00f5uetele.<\/p>\n<p>&nbsp;<\/p>\n<p>\n\t\t<style type=\"text\/css\">\n\t\t\t#gallery-1 {\n\t\t\t\tmargin: auto;\n\t\t\t}\n\t\t\t#gallery-1 .gallery-item {\n\t\t\t\tfloat: left;\n\t\t\t\tmargin-top: 10px;\n\t\t\t\ttext-align: center;\n\t\t\t\twidth: 25%;\n\t\t\t}\n\t\t\t#gallery-1 img {\n\t\t\t\tborder: 2px solid #cfcfcf;\n\t\t\t}\n\t\t\t#gallery-1 .gallery-caption {\n\t\t\t\tmargin-left: 0;\n\t\t\t}\n\t\t\t\/* see gallery_shortcode() in wp-includes\/media.php *\/\n\t\t<\/style>\n\t\t<div id='gallery-1' class='gallery galleryid-405 gallery-columns-4 gallery-size-thumbnail'><dl class='gallery-item'>\n\t\t\t<dt class='gallery-icon landscape'>\n\t\t\t\t<a href='https:\/\/rol-lift.ee\/et\/vertikaalsed\/vtpm07\/'><img loading=\"lazy\" decoding=\"async\" width=\"150\" height=\"150\" src=\"https:\/\/www.rol-lift.ee\/wp-content\/uploads\/2015\/01\/vtpm07-150x150.jpg\" class=\"attachment-thumbnail size-thumbnail\" alt=\"\" \/><\/a>\n\t\t\t<\/dt><\/dl><dl class='gallery-item'>\n\t\t\t<dt class='gallery-icon portrait'>\n\t\t\t\t<a href='https:\/\/rol-lift.ee\/et\/vertikaalsed\/vtpm_lift03\/'><img loading=\"lazy\" decoding=\"async\" width=\"150\" height=\"150\" src=\"https:\/\/www.rol-lift.ee\/wp-content\/uploads\/2015\/01\/vtpm_lift03-150x150.jpg\" class=\"attachment-thumbnail size-thumbnail\" alt=\"\" \/><\/a>\n\t\t\t<\/dt><\/dl><dl class='gallery-item'>\n\t\t\t<dt class='gallery-icon landscape'>\n\t\t\t\t<a href='https:\/\/rol-lift.ee\/et\/vertikaalsed\/vtpm05\/'><img loading=\"lazy\" decoding=\"async\" width=\"150\" height=\"150\" src=\"https:\/\/www.rol-lift.ee\/wp-content\/uploads\/2015\/01\/vtpm05-150x150.jpg\" class=\"attachment-thumbnail size-thumbnail\" alt=\"\" \/><\/a>\n\t\t\t<\/dt><\/dl><dl class='gallery-item'>\n\t\t\t<dt class='gallery-icon landscape'>\n\t\t\t\t<a href='https:\/\/rol-lift.ee\/et\/vertikaalsed\/vtpm08\/'><img loading=\"lazy\" decoding=\"async\" width=\"150\" height=\"150\" src=\"https:\/\/www.rol-lift.ee\/wp-content\/uploads\/2015\/01\/vtpm08-150x150.jpg\" class=\"attachment-thumbnail size-thumbnail\" alt=\"\" \/><\/a>\n\t\t\t<\/dt><\/dl><br style=\"clear: both\" \/><dl class='gallery-item'>\n\t\t\t<dt class='gallery-icon landscape'>\n\t\t\t\t<a href='https:\/\/rol-lift.ee\/et\/vertikaalsed\/vtpm06\/'><img loading=\"lazy\" decoding=\"async\" width=\"150\" height=\"150\" src=\"https:\/\/www.rol-lift.ee\/wp-content\/uploads\/2015\/01\/vtpm06-150x150.jpg\" class=\"attachment-thumbnail size-thumbnail\" alt=\"\" \/><\/a>\n\t\t\t<\/dt><\/dl><dl class='gallery-item'>\n\t\t\t<dt class='gallery-icon landscape'>\n\t\t\t\t<a href='https:\/\/rol-lift.ee\/et\/vertikaalsed\/vtpm03\/'><img loading=\"lazy\" decoding=\"async\" width=\"150\" height=\"150\" src=\"https:\/\/www.rol-lift.ee\/wp-content\/uploads\/2015\/01\/vtpm03-150x150.jpg\" class=\"attachment-thumbnail size-thumbnail\" alt=\"\" \/><\/a>\n\t\t\t<\/dt><\/dl><dl class='gallery-item'>\n\t\t\t<dt class='gallery-icon landscape'>\n\t\t\t\t<a href='https:\/\/rol-lift.ee\/et\/vertikaalsed\/vtpm-2000-6\/'><img loading=\"lazy\" decoding=\"async\" width=\"150\" height=\"150\" src=\"https:\/\/www.rol-lift.ee\/wp-content\/uploads\/2015\/01\/VTPM-2000-6-150x150.jpg\" class=\"attachment-thumbnail size-thumbnail\" alt=\"\" \/><\/a>\n\t\t\t<\/dt><\/dl><dl class='gallery-item'>\n\t\t\t<dt class='gallery-icon landscape'>\n\t\t\t\t<a href='https:\/\/rol-lift.ee\/et\/vertikaalsed\/vtpm-2000-4-mostik\/'><img loading=\"lazy\" decoding=\"async\" width=\"150\" height=\"150\" src=\"https:\/\/www.rol-lift.ee\/wp-content\/uploads\/2015\/01\/VTPM-2000-4-mostik-150x150.jpg\" class=\"attachment-thumbnail size-thumbnail\" alt=\"\" \/><\/a>\n\t\t\t<\/dt><\/dl><br style=\"clear: both\" \/>\n\t\t<\/div>\n<\/p>","protected":false},"excerpt":{"rendered":"<p>Vertikaalne lift invaliidide VTPM 1040-1 m. Euroopa direktiivid annavad v\u00f5imalust paigaldama sellised vertikaalsed liftid elamutesse ja muudesse avalikusse kohtadesse. T\u00f5stuki olenevalt mudelist saab paigaldada v\u00e4ljaspool hoonet ja selle sees. Vertikaalne t\u00f5stuk invaliidide VTPM1040 on h\u00fcdraulilise t\u00f5stmise mehhanismiga( nagu k\u00e4\u00e4rut\u00f5stukitel) ja t\u00f5stek\u00f5rgus kuni 1 meeter. Need seadmed ei vaja t\u00e4ielikult suletud kabiini ja piirded paigaldatakse vastavalt [&hellip;]<\/p>\n","protected":false},"author":2,"featured_media":120,"parent":33,"menu_order":0,"comment_status":"open","ping_status":"open","template":"","meta":{"footnotes":""},"class_list":["post-405","page","type-page","status-publish","has-post-thumbnail","hentry"],"_links":{"self":[{"href":"https:\/\/rol-lift.ee\/et\/wp-json\/wp\/v2\/pages\/405","targetHints":{"allow":["GET"]}}],"collection":[{"href":"https:\/\/rol-lift.ee\/et\/wp-json\/wp\/v2\/pages"}],"about":[{"href":"https:\/\/rol-lift.ee\/et\/wp-json\/wp\/v2\/types\/page"}],"author":[{"embeddable":true,"href":"https:\/\/rol-lift.ee\/et\/wp-json\/wp\/v2\/users\/2"}],"replies":[{"embeddable":true,"href":"https:\/\/rol-lift.ee\/et\/wp-json\/wp\/v2\/comments?post=405"}],"version-history":[{"count":5,"href":"https:\/\/rol-lift.ee\/et\/wp-json\/wp\/v2\/pages\/405\/revisions"}],"predecessor-version":[{"id":932,"href":"https:\/\/rol-lift.ee\/et\/wp-json\/wp\/v2\/pages\/405\/revisions\/932"}],"up":[{"embeddable":true,"href":"https:\/\/rol-lift.ee\/et\/wp-json\/wp\/v2\/pages\/33"}],"wp:featuredmedia":[{"embeddable":true,"href":"https:\/\/rol-lift.ee\/et\/wp-json\/wp\/v2\/media\/120"}],"wp:attachment":[{"href":"https:\/\/rol-lift.ee\/et\/wp-json\/wp\/v2\/media?parent=405"}],"curies":[{"name":"wp","href":"https:\/\/api.w.org\/{rel}","templated":true}]}}