{"id":409,"date":"2015-01-28T16:01:55","date_gmt":"2015-01-28T16:01:55","guid":{"rendered":"http:\/\/www.rol-lift.ee\/?page_id=409"},"modified":"2019-12-29T17:05:00","modified_gmt":"2019-12-29T17:05:00","slug":"trepitostukid-firmast-vimec","status":"publish","type":"page","link":"https:\/\/rol-lift.ee\/et\/kaldtrepi-tostukid\/trepitostukid-firmast-vimec\/","title":{"rendered":"Trepit\u00f5stukid firmast Vimec"},"content":{"rendered":"<p>Meil on hea meel tutvustada Teid ettev\u00f5tte VIMEK (Itaalia) toodega.<\/p>\n<p>VIMEK firma t\u00f5stukid on usaldusv\u00e4\u00e4rsused.<\/p>\n<p>VIMEC firma pakub \u00a0trepit\u00f5stukid, toolt\u00f5stukid ja liftid 1980 aastast,\u00a0t\u00e4na on see firma Itaalia turuliider t\u00e4nu oma tootevaliku laiuse ning on saavutanud hea maine rahvusvahelisel turul.<\/p>\n\n\t\t<style type=\"text\/css\">\n\t\t\t#gallery-1 {\n\t\t\t\tmargin: auto;\n\t\t\t}\n\t\t\t#gallery-1 .gallery-item {\n\t\t\t\tfloat: left;\n\t\t\t\tmargin-top: 10px;\n\t\t\t\ttext-align: center;\n\t\t\t\twidth: 25%;\n\t\t\t}\n\t\t\t#gallery-1 img {\n\t\t\t\tborder: 2px solid #cfcfcf;\n\t\t\t}\n\t\t\t#gallery-1 .gallery-caption {\n\t\t\t\tmargin-left: 0;\n\t\t\t}\n\t\t\t\/* see gallery_shortcode() in wp-includes\/media.php *\/\n\t\t<\/style>\n\t\t<div id='gallery-1' class='gallery galleryid-409 gallery-columns-4 gallery-size-thumbnail'><dl class='gallery-item'>\n\t\t\t<dt class='gallery-icon portrait'>\n\t\t\t\t<a href='https:\/\/rol-lift.ee\/et\/kaldtrepi-tostukid\/trepitostukid-firmast-vimec\/exif_jpeg_422\/'><img loading=\"lazy\" decoding=\"async\" width=\"150\" height=\"150\" src=\"https:\/\/rol-lift.ee\/wp-content\/uploads\/2015\/01\/V656-150x150.jpg\" class=\"attachment-thumbnail size-thumbnail\" alt=\"\" \/><\/a>\n\t\t\t<\/dt><\/dl><dl class='gallery-item'>\n\t\t\t<dt class='gallery-icon landscape'>\n\t\t\t\t<a href='https:\/\/rol-lift.ee\/et\/kaldtrepi-tostukid\/trepitostukid-firmast-vimec\/v65-milano\/'><img loading=\"lazy\" decoding=\"async\" width=\"150\" height=\"150\" src=\"https:\/\/rol-lift.ee\/wp-content\/uploads\/2015\/01\/V65-Milano-150x150.jpg\" class=\"attachment-thumbnail size-thumbnail\" alt=\"\" \/><\/a>\n\t\t\t<\/dt><\/dl><dl class='gallery-item'>\n\t\t\t<dt class='gallery-icon portrait'>\n\t\t\t\t<a href='https:\/\/rol-lift.ee\/et\/kaldtrepi-tostukid\/trepitostukid-firmast-vimec\/v642\/'><img loading=\"lazy\" decoding=\"async\" width=\"150\" height=\"150\" src=\"https:\/\/rol-lift.ee\/wp-content\/uploads\/2015\/01\/v642-150x150.png\" class=\"attachment-thumbnail size-thumbnail\" alt=\"\" \/><\/a>\n\t\t\t<\/dt><\/dl><dl class='gallery-item'>\n\t\t\t<dt class='gallery-icon landscape'>\n\t\t\t\t<a href='https:\/\/rol-lift.ee\/et\/kaldtrepi-tostukid\/trepitostukid-firmast-vimec\/v65\/'><img loading=\"lazy\" decoding=\"async\" width=\"150\" height=\"150\" src=\"https:\/\/rol-lift.ee\/wp-content\/uploads\/2015\/01\/V65-150x150.jpg\" class=\"attachment-thumbnail size-thumbnail\" alt=\"\" \/><\/a>\n\t\t\t<\/dt><\/dl><br style=\"clear: both\" \/>\n\t\t<\/div>\n\n<p>Trepit\u00f5stuk V64<\/p>\n<p>VIMECu V64 trepit\u00f5stuk platvormiga tagab juurdep\u00e4\u00e4su avaliku ja erasektori hoonetesse, on usaldusv\u00e4\u00e4rne ja turvaline, omab kompaktsed m\u00f5\u00f5dud ning on lihtne kasutades.<\/p>\n\n\t\t<style type=\"text\/css\">\n\t\t\t#gallery-2 {\n\t\t\t\tmargin: auto;\n\t\t\t}\n\t\t\t#gallery-2 .gallery-item {\n\t\t\t\tfloat: left;\n\t\t\t\tmargin-top: 10px;\n\t\t\t\ttext-align: center;\n\t\t\t\twidth: 25%;\n\t\t\t}\n\t\t\t#gallery-2 img {\n\t\t\t\tborder: 2px solid #cfcfcf;\n\t\t\t}\n\t\t\t#gallery-2 .gallery-caption {\n\t\t\t\tmargin-left: 0;\n\t\t\t}\n\t\t\t\/* see gallery_shortcode() in wp-includes\/media.php *\/\n\t\t<\/style>\n\t\t<div id='gallery-2' class='gallery galleryid-409 gallery-columns-4 gallery-size-thumbnail'><dl class='gallery-item'>\n\t\t\t<dt class='gallery-icon landscape'>\n\t\t\t\t<a href='https:\/\/rol-lift.ee\/et\/kaldtrepi-tostukid\/stpm06\/'><img loading=\"lazy\" decoding=\"async\" width=\"150\" height=\"150\" src=\"https:\/\/rol-lift.ee\/wp-content\/uploads\/2015\/01\/stpm06-150x150.jpg\" class=\"attachment-thumbnail size-thumbnail\" alt=\"\" \/><\/a>\n\t\t\t<\/dt><\/dl><dl class='gallery-item'>\n\t\t\t<dt class='gallery-icon landscape'>\n\t\t\t\t<a href='https:\/\/rol-lift.ee\/et\/kaldtrepi-tostukid\/pict-22\/'><img loading=\"lazy\" decoding=\"async\" width=\"150\" height=\"150\" src=\"https:\/\/rol-lift.ee\/wp-content\/uploads\/2015\/01\/PICT-22-150x150.jpg\" class=\"attachment-thumbnail size-thumbnail\" alt=\"\" \/><\/a>\n\t\t\t<\/dt><\/dl><dl class='gallery-item'>\n\t\t\t<dt class='gallery-icon landscape'>\n\t\t\t\t<a href='https:\/\/rol-lift.ee\/et\/kaldtrepi-tostukid\/trepitostukid-firmast-vimec\/v64\/'><img loading=\"lazy\" decoding=\"async\" width=\"150\" height=\"150\" src=\"https:\/\/rol-lift.ee\/wp-content\/uploads\/2015\/01\/v64-150x150.jpg\" class=\"attachment-thumbnail size-thumbnail\" alt=\"\" \/><\/a>\n\t\t\t<\/dt><\/dl><dl class='gallery-item'>\n\t\t\t<dt class='gallery-icon landscape'>\n\t\t\t\t<a href='https:\/\/rol-lift.ee\/et\/kaldtrepi-tostukid\/trepitostukid-firmast-vimec\/v64-milano\/'><img loading=\"lazy\" decoding=\"async\" width=\"150\" height=\"150\" src=\"https:\/\/rol-lift.ee\/wp-content\/uploads\/2015\/01\/V64-Milano-150x150.jpg\" class=\"attachment-thumbnail size-thumbnail\" alt=\"\" \/><\/a>\n\t\t\t<\/dt><\/dl><br style=\"clear: both\" \/>\n\t\t<\/div>\n\n<p>&nbsp;<\/p>\n<p>Trepit\u00f5stuk V65<\/p>\n<p>VIMEC V65 platvormt\u00f5stuk on toode, mis l\u00e4hendab suured ja v\u00e4ikesed erinevused trepiaste k\u00f5rguses. Platvorm t\u00f5stuk sobib paigaldamiseks p\u00f6\u00f6rangutega treppidele mittu platsidega. T\u00f5stuk t\u00f6\u00f6tab akutoitel, laadimine toimub peatuskohas. V\u00f5imalik paigaldada ka v\u00e4listingimustesse.<\/p>\n\n\t\t<style type=\"text\/css\">\n\t\t\t#gallery-3 {\n\t\t\t\tmargin: auto;\n\t\t\t}\n\t\t\t#gallery-3 .gallery-item {\n\t\t\t\tfloat: left;\n\t\t\t\tmargin-top: 10px;\n\t\t\t\ttext-align: center;\n\t\t\t\twidth: 25%;\n\t\t\t}\n\t\t\t#gallery-3 img {\n\t\t\t\tborder: 2px solid #cfcfcf;\n\t\t\t}\n\t\t\t#gallery-3 .gallery-caption {\n\t\t\t\tmargin-left: 0;\n\t\t\t}\n\t\t\t\/* see gallery_shortcode() in wp-includes\/media.php *\/\n\t\t<\/style>\n\t\t<div id='gallery-3' class='gallery galleryid-409 gallery-columns-4 gallery-size-thumbnail'><dl class='gallery-item'>\n\t\t\t<dt class='gallery-icon portrait'>\n\t\t\t\t<a href='https:\/\/rol-lift.ee\/et\/kaldtrepi-tostukid\/v_stpm07\/'><img loading=\"lazy\" decoding=\"async\" width=\"150\" height=\"150\" src=\"https:\/\/rol-lift.ee\/wp-content\/uploads\/2015\/01\/v_stpm07-150x150.jpg\" class=\"attachment-thumbnail size-thumbnail\" alt=\"\" \/><\/a>\n\t\t\t<\/dt><\/dl><dl class='gallery-item'>\n\t\t\t<dt class='gallery-icon landscape'>\n\t\t\t\t<a href='https:\/\/rol-lift.ee\/et\/kaldtrepi-tostukid\/trepitostukid-firmast-vimec\/attachment\/1802\/'><img loading=\"lazy\" decoding=\"async\" width=\"150\" height=\"150\" src=\"https:\/\/rol-lift.ee\/wp-content\/uploads\/2015\/01\/1802-150x150.jpg\" class=\"attachment-thumbnail size-thumbnail\" alt=\"\" \/><\/a>\n\t\t\t<\/dt><\/dl><dl class='gallery-item'>\n\t\t\t<dt class='gallery-icon landscape'>\n\t\t\t\t<a href='https:\/\/rol-lift.ee\/et\/kaldtrepi-tostukid\/20130927_171551\/'><img loading=\"lazy\" decoding=\"async\" width=\"150\" height=\"150\" src=\"https:\/\/rol-lift.ee\/wp-content\/uploads\/2015\/01\/20130927_171551-150x150.jpg\" class=\"attachment-thumbnail size-thumbnail\" alt=\"\" \/><\/a>\n\t\t\t<\/dt><\/dl><dl class='gallery-item'>\n\t\t\t<dt class='gallery-icon landscape'>\n\t\t\t\t<a href='https:\/\/rol-lift.ee\/et\/kaldtrepi-tostukid\/20130927_171024\/'><img loading=\"lazy\" decoding=\"async\" width=\"150\" height=\"150\" src=\"https:\/\/rol-lift.ee\/wp-content\/uploads\/2015\/01\/20130927_171024-150x150.jpg\" class=\"attachment-thumbnail size-thumbnail\" alt=\"\" \/><\/a>\n\t\t\t<\/dt><\/dl><br style=\"clear: both\" \/>\n\t\t<\/div>\n\n<p>Platvorm ja k\u00e4etoed on ruumi kokkuhoiu m\u00f5ttes automaatselt kokku volditavad. Platvorm on kaetud mittelibiseva kattega. Juhtimine toimub kontrollpaneelilt, lisavarustusena v\u00f5imalik tellida ka pult. T\u00f5stuki aktiveerimine toimub v\u00f5tmega, mis v\u00e4listab t\u00f5stuki kasutamise v\u00f5\u00f5raste poolt.<\/p>","protected":false},"excerpt":{"rendered":"<p>Meil on hea meel tutvustada Teid ettev\u00f5tte VIMEK (Itaalia) toodega. VIMEK firma t\u00f5stukid on usaldusv\u00e4\u00e4rsused. VIMEC firma pakub \u00a0trepit\u00f5stukid, toolt\u00f5stukid ja liftid 1980 aastast,\u00a0t\u00e4na on see firma Itaalia turuliider t\u00e4nu oma tootevaliku laiuse ning on saavutanud hea maine rahvusvahelisel turul. Trepit\u00f5stuk V64 VIMECu V64 trepit\u00f5stuk platvormiga tagab juurdep\u00e4\u00e4su avaliku ja erasektori hoonetesse, on usaldusv\u00e4\u00e4rne ja [&hellip;]<\/p>\n","protected":false},"author":2,"featured_media":416,"parent":35,"menu_order":0,"comment_status":"open","ping_status":"open","template":"","meta":{"footnotes":""},"class_list":["post-409","page","type-page","status-publish","has-post-thumbnail","hentry"],"_links":{"self":[{"href":"https:\/\/rol-lift.ee\/et\/wp-json\/wp\/v2\/pages\/409","targetHints":{"allow":["GET"]}}],"collection":[{"href":"https:\/\/rol-lift.ee\/et\/wp-json\/wp\/v2\/pages"}],"about":[{"href":"https:\/\/rol-lift.ee\/et\/wp-json\/wp\/v2\/types\/page"}],"author":[{"embeddable":true,"href":"https:\/\/rol-lift.ee\/et\/wp-json\/wp\/v2\/users\/2"}],"replies":[{"embeddable":true,"href":"https:\/\/rol-lift.ee\/et\/wp-json\/wp\/v2\/comments?post=409"}],"version-history":[{"count":5,"href":"https:\/\/rol-lift.ee\/et\/wp-json\/wp\/v2\/pages\/409\/revisions"}],"predecessor-version":[{"id":956,"href":"https:\/\/rol-lift.ee\/et\/wp-json\/wp\/v2\/pages\/409\/revisions\/956"}],"up":[{"embeddable":true,"href":"https:\/\/rol-lift.ee\/et\/wp-json\/wp\/v2\/pages\/35"}],"wp:featuredmedia":[{"embeddable":true,"href":"https:\/\/rol-lift.ee\/et\/wp-json\/wp\/v2\/media\/416"}],"wp:attachment":[{"href":"https:\/\/rol-lift.ee\/et\/wp-json\/wp\/v2\/media?parent=409"}],"curies":[{"name":"wp","href":"https:\/\/api.w.org\/{rel}","templated":true}]}}