{"id":48,"date":"2015-01-10T08:48:39","date_gmt":"2015-01-10T08:48:39","guid":{"rendered":"http:\/\/www.rol-lift.ee\/?page_id=48"},"modified":"2019-12-29T13:58:01","modified_gmt":"2019-12-29T13:58:01","slug":"elumajade-liftid","status":"publish","type":"page","link":"https:\/\/rol-lift.ee\/et\/liftid\/elumajade-liftid\/","title":{"rendered":"Elumajade Liftid"},"content":{"rendered":"<p>H\u00fcdrauliline vertikaalne lift VTPM4000.<br \/>\nAntud lahendus on m\u00f5eldud madalatele ja keskmise k\u00f5rgusega elumajadele. Lift v\u00f5ib olla paigaldatud majas v\u00f5i \u00f5ues klaas sahtis.<\/p>\n<p>Lift on varustatud k\u00f5igi vajalike seadmetega, on ohutu kasutusel ja lihtne hoolduses.<\/p>\n<p><strong>Kirjeldus:<\/strong><\/p>\n<ul>\n<li>Peatuste arv 2<\/li>\n<li>Max. t\u00f5stek\u00f5rgus\u00a0&#8211; 4 m<\/li>\n<li>T\u00f5stev\u00f5ime &#8211;\u00a0 400 kg<\/li>\n<li>Kiirus &#8211; 0,15 m \/ sek<\/li>\n<li>Elektromehaaniline ajam &#8211; h\u00fcdraulika<\/li>\n<\/ul>\n<p>&nbsp;<\/p>\n<p>\n\t\t<style type=\"text\/css\">\n\t\t\t#gallery-1 {\n\t\t\t\tmargin: auto;\n\t\t\t}\n\t\t\t#gallery-1 .gallery-item {\n\t\t\t\tfloat: left;\n\t\t\t\tmargin-top: 10px;\n\t\t\t\ttext-align: center;\n\t\t\t\twidth: 25%;\n\t\t\t}\n\t\t\t#gallery-1 img {\n\t\t\t\tborder: 2px solid #cfcfcf;\n\t\t\t}\n\t\t\t#gallery-1 .gallery-caption {\n\t\t\t\tmargin-left: 0;\n\t\t\t}\n\t\t\t\/* see gallery_shortcode() in wp-includes\/media.php *\/\n\t\t<\/style>\n\t\t<div id='gallery-1' class='gallery galleryid-48 gallery-columns-4 gallery-size-thumbnail'><dl class='gallery-item'>\n\t\t\t<dt class='gallery-icon portrait'>\n\t\t\t\t<a href='https:\/\/rol-lift.ee\/wp-content\/uploads\/2015\/01\/home_lift01.jpg'><img loading=\"lazy\" decoding=\"async\" width=\"150\" height=\"150\" src=\"https:\/\/rol-lift.ee\/wp-content\/uploads\/2015\/01\/home_lift01-150x150.jpg\" class=\"attachment-thumbnail size-thumbnail\" alt=\"\" \/><\/a>\n\t\t\t<\/dt><\/dl><dl class='gallery-item'>\n\t\t\t<dt class='gallery-icon portrait'>\n\t\t\t\t<a href='https:\/\/rol-lift.ee\/wp-content\/uploads\/2015\/01\/home_lift02.jpg'><img loading=\"lazy\" decoding=\"async\" width=\"150\" height=\"150\" src=\"https:\/\/rol-lift.ee\/wp-content\/uploads\/2015\/01\/home_lift02-150x150.jpg\" class=\"attachment-thumbnail size-thumbnail\" alt=\"\" \/><\/a>\n\t\t\t<\/dt><\/dl><dl class='gallery-item'>\n\t\t\t<dt class='gallery-icon portrait'>\n\t\t\t\t<a href='https:\/\/rol-lift.ee\/wp-content\/uploads\/2015\/01\/home_lift03.jpg'><img loading=\"lazy\" decoding=\"async\" width=\"150\" height=\"150\" src=\"https:\/\/rol-lift.ee\/wp-content\/uploads\/2015\/01\/home_lift03-150x150.jpg\" class=\"attachment-thumbnail size-thumbnail\" alt=\"\" \/><\/a>\n\t\t\t<\/dt><\/dl><dl class='gallery-item'>\n\t\t\t<dt class='gallery-icon portrait'>\n\t\t\t\t<a href='https:\/\/rol-lift.ee\/wp-content\/uploads\/2015\/01\/home_lift04.jpg'><img loading=\"lazy\" decoding=\"async\" width=\"150\" height=\"150\" src=\"https:\/\/rol-lift.ee\/wp-content\/uploads\/2015\/01\/home_lift04-150x150.jpg\" class=\"attachment-thumbnail size-thumbnail\" alt=\"\" \/><\/a>\n\t\t\t<\/dt><\/dl><br style=\"clear: both\" \/><dl class='gallery-item'>\n\t\t\t<dt class='gallery-icon portrait'>\n\t\t\t\t<a href='https:\/\/rol-lift.ee\/wp-content\/uploads\/2015\/01\/home_lift05.jpg'><img loading=\"lazy\" decoding=\"async\" width=\"150\" height=\"150\" src=\"https:\/\/rol-lift.ee\/wp-content\/uploads\/2015\/01\/home_lift05-150x150.jpg\" class=\"attachment-thumbnail size-thumbnail\" alt=\"\" \/><\/a>\n\t\t\t<\/dt><\/dl><dl class='gallery-item'>\n\t\t\t<dt class='gallery-icon portrait'>\n\t\t\t\t<a href='https:\/\/rol-lift.ee\/wp-content\/uploads\/2015\/01\/home_lift06.jpg'><img loading=\"lazy\" decoding=\"async\" width=\"150\" height=\"150\" src=\"https:\/\/rol-lift.ee\/wp-content\/uploads\/2015\/01\/home_lift06-150x150.jpg\" class=\"attachment-thumbnail size-thumbnail\" alt=\"\" \/><\/a>\n\t\t\t<\/dt><\/dl><dl class='gallery-item'>\n\t\t\t<dt class='gallery-icon portrait'>\n\t\t\t\t<a href='https:\/\/rol-lift.ee\/wp-content\/uploads\/2015\/01\/home_lift07.jpg'><img loading=\"lazy\" decoding=\"async\" width=\"150\" height=\"150\" src=\"https:\/\/rol-lift.ee\/wp-content\/uploads\/2015\/01\/home_lift07-150x150.jpg\" class=\"attachment-thumbnail size-thumbnail\" alt=\"\" \/><\/a>\n\t\t\t<\/dt><\/dl><dl class='gallery-item'>\n\t\t\t<dt class='gallery-icon portrait'>\n\t\t\t\t<a href='https:\/\/rol-lift.ee\/wp-content\/uploads\/2015\/01\/home_lift08.jpg'><img loading=\"lazy\" decoding=\"async\" width=\"150\" height=\"150\" src=\"https:\/\/rol-lift.ee\/wp-content\/uploads\/2015\/01\/home_lift08-150x150.jpg\" class=\"attachment-thumbnail size-thumbnail\" alt=\"\" \/><\/a>\n\t\t\t<\/dt><\/dl><br style=\"clear: both\" \/><dl class='gallery-item'>\n\t\t\t<dt class='gallery-icon portrait'>\n\t\t\t\t<a href='https:\/\/rol-lift.ee\/wp-content\/uploads\/2015\/01\/home_lift09.jpg'><img loading=\"lazy\" decoding=\"async\" width=\"150\" height=\"150\" src=\"https:\/\/rol-lift.ee\/wp-content\/uploads\/2015\/01\/home_lift09-150x150.jpg\" class=\"attachment-thumbnail size-thumbnail\" alt=\"\" \/><\/a>\n\t\t\t<\/dt><\/dl><dl class='gallery-item'>\n\t\t\t<dt class='gallery-icon portrait'>\n\t\t\t\t<a href='https:\/\/rol-lift.ee\/wp-content\/uploads\/2015\/01\/home_lift10.jpg'><img loading=\"lazy\" decoding=\"async\" width=\"150\" height=\"150\" src=\"https:\/\/rol-lift.ee\/wp-content\/uploads\/2015\/01\/home_lift10-150x150.jpg\" class=\"attachment-thumbnail size-thumbnail\" alt=\"\" \/><\/a>\n\t\t\t<\/dt><\/dl><dl class='gallery-item'>\n\t\t\t<dt class='gallery-icon portrait'>\n\t\t\t\t<a href='https:\/\/rol-lift.ee\/wp-content\/uploads\/2015\/01\/home_lift11.jpg'><img loading=\"lazy\" decoding=\"async\" width=\"150\" height=\"150\" src=\"https:\/\/rol-lift.ee\/wp-content\/uploads\/2015\/01\/home_lift11-150x150.jpg\" class=\"attachment-thumbnail size-thumbnail\" alt=\"\" \/><\/a>\n\t\t\t<\/dt><\/dl><dl class='gallery-item'>\n\t\t\t<dt class='gallery-icon portrait'>\n\t\t\t\t<a href='https:\/\/rol-lift.ee\/wp-content\/uploads\/2015\/01\/home_lift13.jpg'><img loading=\"lazy\" decoding=\"async\" width=\"150\" height=\"150\" src=\"https:\/\/rol-lift.ee\/wp-content\/uploads\/2015\/01\/home_lift13-150x150.jpg\" class=\"attachment-thumbnail size-thumbnail\" alt=\"\" \/><\/a>\n\t\t\t<\/dt><\/dl><br style=\"clear: both\" \/><dl class='gallery-item'>\n\t\t\t<dt class='gallery-icon portrait'>\n\t\t\t\t<a href='https:\/\/rol-lift.ee\/wp-content\/uploads\/2015\/01\/\u043f\u043e\u0434\u044a\u0435\u043c\u043d\u0438\u043a\u0438-\u0434\u043b\u044f-\u0438\u043d\u0432\u0430\u043b\u0438\u0434\u043e\u0432-VIMEC-.jpg'><img loading=\"lazy\" decoding=\"async\" width=\"150\" height=\"150\" src=\"https:\/\/rol-lift.ee\/wp-content\/uploads\/2015\/01\/\u043f\u043e\u0434\u044a\u0435\u043c\u043d\u0438\u043a\u0438-\u0434\u043b\u044f-\u0438\u043d\u0432\u0430\u043b\u0438\u0434\u043e\u0432-VIMEC--150x150.jpg\" class=\"attachment-thumbnail size-thumbnail\" alt=\"\" \/><\/a>\n\t\t\t<\/dt><\/dl><dl class='gallery-item'>\n\t\t\t<dt class='gallery-icon portrait'>\n\t\t\t\t<a href='https:\/\/rol-lift.ee\/wp-content\/uploads\/2015\/01\/P1030005.jpg'><img loading=\"lazy\" decoding=\"async\" width=\"150\" height=\"150\" src=\"https:\/\/rol-lift.ee\/wp-content\/uploads\/2015\/01\/P1030005-150x150.jpg\" class=\"attachment-thumbnail size-thumbnail\" alt=\"\" \/><\/a>\n\t\t\t<\/dt><\/dl><dl class='gallery-item'>\n\t\t\t<dt class='gallery-icon landscape'>\n\t\t\t\t<a href='https:\/\/rol-lift.ee\/wp-content\/uploads\/2015\/02\/easy-lift.jpg'><img loading=\"lazy\" decoding=\"async\" width=\"150\" height=\"150\" src=\"https:\/\/rol-lift.ee\/wp-content\/uploads\/2015\/02\/easy-lift-150x150.jpg\" class=\"attachment-thumbnail size-thumbnail\" alt=\"\" \/><\/a>\n\t\t\t<\/dt><\/dl>\n\t\t\t<br style='clear: both' \/>\n\t\t<\/div>\n<\/p>","protected":false},"excerpt":{"rendered":"<p>H\u00fcdrauliline vertikaalne lift VTPM4000. Antud lahendus on m\u00f5eldud madalatele ja keskmise k\u00f5rgusega elumajadele. Lift v\u00f5ib olla paigaldatud majas v\u00f5i \u00f5ues klaas sahtis. Lift on varustatud k\u00f5igi vajalike seadmetega, on ohutu kasutusel ja lihtne hoolduses. Kirjeldus: Peatuste arv 2 Max. t\u00f5stek\u00f5rgus\u00a0&#8211; 4 m T\u00f5stev\u00f5ime &#8211;\u00a0 400 kg Kiirus &#8211; 0,15 m \/ sek Elektromehaaniline ajam &#8211; [&hellip;]<\/p>\n","protected":false},"author":1,"featured_media":531,"parent":26,"menu_order":0,"comment_status":"open","ping_status":"open","template":"","meta":{"footnotes":""},"class_list":["post-48","page","type-page","status-publish","has-post-thumbnail","hentry"],"_links":{"self":[{"href":"https:\/\/rol-lift.ee\/et\/wp-json\/wp\/v2\/pages\/48","targetHints":{"allow":["GET"]}}],"collection":[{"href":"https:\/\/rol-lift.ee\/et\/wp-json\/wp\/v2\/pages"}],"about":[{"href":"https:\/\/rol-lift.ee\/et\/wp-json\/wp\/v2\/types\/page"}],"author":[{"embeddable":true,"href":"https:\/\/rol-lift.ee\/et\/wp-json\/wp\/v2\/users\/1"}],"replies":[{"embeddable":true,"href":"https:\/\/rol-lift.ee\/et\/wp-json\/wp\/v2\/comments?post=48"}],"version-history":[{"count":5,"href":"https:\/\/rol-lift.ee\/et\/wp-json\/wp\/v2\/pages\/48\/revisions"}],"predecessor-version":[{"id":928,"href":"https:\/\/rol-lift.ee\/et\/wp-json\/wp\/v2\/pages\/48\/revisions\/928"}],"up":[{"embeddable":true,"href":"https:\/\/rol-lift.ee\/et\/wp-json\/wp\/v2\/pages\/26"}],"wp:featuredmedia":[{"embeddable":true,"href":"https:\/\/rol-lift.ee\/et\/wp-json\/wp\/v2\/media\/531"}],"wp:attachment":[{"href":"https:\/\/rol-lift.ee\/et\/wp-json\/wp\/v2\/media?parent=48"}],"curies":[{"name":"wp","href":"https:\/\/api.w.org\/{rel}","templated":true}]}}