{"id":491,"date":"2015-02-10T10:23:08","date_gmt":"2015-02-10T10:23:08","guid":{"rendered":"http:\/\/www.rol-lift.ee\/?page_id=491"},"modified":"2015-02-10T10:23:08","modified_gmt":"2015-02-10T10:23:08","slug":"tooltostukid","status":"publish","type":"page","link":"https:\/\/rol-lift.ee\/et\/tooltostukid\/","title":{"rendered":"Toolt\u00f5stukid"},"content":{"rendered":"<p>Toolt\u00f5stukid.<\/p>\n<p>Toolt\u00f5stuk on m\u00f5eldud eelk\u00f5ige kohtadesse, kus puudub vajadus ratastooli transportimiseks. V\u00f5imalik paigaldada nii sirgele kui ka p\u00f6\u00f6rdega trepile. Ruumi kokkuhoidmiseks saab t\u00f5stuki kokku voltida. Juhtimine toimub kas puldilt v\u00f5i t\u00f5stukil olevalt juhtpaneelilt. Lihtne paigaldada ja kasutada.<\/p>","protected":false},"excerpt":{"rendered":"<p>Toolt\u00f5stukid. Toolt\u00f5stuk on m\u00f5eldud eelk\u00f5ige kohtadesse, kus puudub vajadus ratastooli transportimiseks. V\u00f5imalik paigaldada nii sirgele kui ka p\u00f6\u00f6rdega trepile. Ruumi kokkuhoidmiseks saab t\u00f5stuki kokku voltida. Juhtimine toimub kas puldilt v\u00f5i t\u00f5stukil olevalt juhtpaneelilt. Lihtne paigaldada ja kasutada.<\/p>\n","protected":false},"author":2,"featured_media":492,"parent":0,"menu_order":0,"comment_status":"open","ping_status":"open","template":"","meta":{"footnotes":""},"class_list":["post-491","page","type-page","status-publish","has-post-thumbnail","hentry"],"_links":{"self":[{"href":"https:\/\/rol-lift.ee\/et\/wp-json\/wp\/v2\/pages\/491","targetHints":{"allow":["GET"]}}],"collection":[{"href":"https:\/\/rol-lift.ee\/et\/wp-json\/wp\/v2\/pages"}],"about":[{"href":"https:\/\/rol-lift.ee\/et\/wp-json\/wp\/v2\/types\/page"}],"author":[{"embeddable":true,"href":"https:\/\/rol-lift.ee\/et\/wp-json\/wp\/v2\/users\/2"}],"replies":[{"embeddable":true,"href":"https:\/\/rol-lift.ee\/et\/wp-json\/wp\/v2\/comments?post=491"}],"version-history":[{"count":2,"href":"https:\/\/rol-lift.ee\/et\/wp-json\/wp\/v2\/pages\/491\/revisions"}],"predecessor-version":[{"id":494,"href":"https:\/\/rol-lift.ee\/et\/wp-json\/wp\/v2\/pages\/491\/revisions\/494"}],"wp:featuredmedia":[{"embeddable":true,"href":"https:\/\/rol-lift.ee\/et\/wp-json\/wp\/v2\/media\/492"}],"wp:attachment":[{"href":"https:\/\/rol-lift.ee\/et\/wp-json\/wp\/v2\/media?parent=491"}],"curies":[{"name":"wp","href":"https:\/\/api.w.org\/{rel}","templated":true}]}}