{"id":50,"date":"2015-01-10T08:49:24","date_gmt":"2015-01-10T08:49:24","guid":{"rendered":"http:\/\/www.rol-lift.ee\/?page_id=50"},"modified":"2015-02-26T08:57:10","modified_gmt":"2015-02-26T08:57:10","slug":"vaike-kaubalift","status":"publish","type":"page","link":"https:\/\/rol-lift.ee\/et\/liftid\/vaike-kaubalift\/","title":{"rendered":"V\u00e4ike kaubalift"},"content":{"rendered":"<p><strong>V\u00e4ike kaubalitf &#8211; Teenindus lift.<\/strong><\/p>\n<p>Teenindus liftid on t\u00f6\u00f6kindlad, lihtne kasutades, h\u00e4\u00e4letu, ja ei vaja erilist hooldust.<\/p>\n<p>Lifti kabiin on valmistatud terasest moodulitest ja saab olla lahtine v\u00f5i suletud. Kabiini sisse\u00a0v\u00f5ib paigaldada horisontaalsed riiulid, v\u00f5re piirdeid, valgustus.<\/p>\n\n\t\t<style type=\"text\/css\">\n\t\t\t#gallery-1 {\n\t\t\t\tmargin: auto;\n\t\t\t}\n\t\t\t#gallery-1 .gallery-item {\n\t\t\t\tfloat: left;\n\t\t\t\tmargin-top: 10px;\n\t\t\t\ttext-align: center;\n\t\t\t\twidth: 33%;\n\t\t\t}\n\t\t\t#gallery-1 img {\n\t\t\t\tborder: 2px solid #cfcfcf;\n\t\t\t}\n\t\t\t#gallery-1 .gallery-caption {\n\t\t\t\tmargin-left: 0;\n\t\t\t}\n\t\t\t\/* see gallery_shortcode() in wp-includes\/media.php *\/\n\t\t<\/style>\n\t\t<div id='gallery-1' class='gallery galleryid-50 gallery-columns-3 gallery-size-medium'><dl class='gallery-item'>\n\t\t\t<dt class='gallery-icon portrait'>\n\t\t\t\t<a href='https:\/\/rol-lift.ee\/et\/liftid\/vaike-kaubalift\/aufzug\/'><img loading=\"lazy\" decoding=\"async\" width=\"228\" height=\"300\" src=\"https:\/\/rol-lift.ee\/wp-content\/uploads\/2015\/01\/aufzug-228x300.jpg\" class=\"attachment-medium size-medium\" alt=\"\" srcset=\"https:\/\/rol-lift.ee\/wp-content\/uploads\/2015\/01\/aufzug-228x300.jpg 228w, https:\/\/rol-lift.ee\/wp-content\/uploads\/2015\/01\/aufzug.jpg 330w\" sizes=\"auto, (max-width: 228px) 100vw, 228px\" \/><\/a>\n\t\t\t<\/dt><\/dl><dl class='gallery-item'>\n\t\t\t<dt class='gallery-icon portrait'>\n\t\t\t\t<a href='https:\/\/rol-lift.ee\/et\/liftid\/vaike-kaubalift\/dt\/'><img loading=\"lazy\" decoding=\"async\" width=\"225\" height=\"300\" src=\"https:\/\/rol-lift.ee\/wp-content\/uploads\/2015\/01\/DT-225x300.jpg\" class=\"attachment-medium size-medium\" alt=\"\" srcset=\"https:\/\/rol-lift.ee\/wp-content\/uploads\/2015\/01\/DT-225x300.jpg 225w, https:\/\/rol-lift.ee\/wp-content\/uploads\/2015\/01\/DT.jpg 330w\" sizes=\"auto, (max-width: 225px) 100vw, 225px\" \/><\/a>\n\t\t\t<\/dt><\/dl><dl class='gallery-item'>\n\t\t\t<dt class='gallery-icon portrait'>\n\t\t\t\t<a href='https:\/\/rol-lift.ee\/et\/liftid\/vaike-kaubalift\/dt_1\/'><img loading=\"lazy\" decoding=\"async\" width=\"181\" height=\"300\" src=\"https:\/\/rol-lift.ee\/wp-content\/uploads\/2015\/01\/DT_1-181x300.jpg\" class=\"attachment-medium size-medium\" alt=\"\" srcset=\"https:\/\/rol-lift.ee\/wp-content\/uploads\/2015\/01\/DT_1-181x300.jpg 181w, https:\/\/rol-lift.ee\/wp-content\/uploads\/2015\/01\/DT_1.jpg 301w\" sizes=\"auto, (max-width: 181px) 100vw, 181px\" \/><\/a>\n\t\t\t<\/dt><\/dl><br style=\"clear: both\" \/><dl class='gallery-item'>\n\t\t\t<dt class='gallery-icon portrait'>\n\t\t\t\t<a href='https:\/\/rol-lift.ee\/et\/liftid\/vaike-kaubalift\/kombi\/'><img loading=\"lazy\" decoding=\"async\" width=\"174\" height=\"300\" src=\"https:\/\/rol-lift.ee\/wp-content\/uploads\/2015\/01\/Kombi-174x300.jpg\" class=\"attachment-medium size-medium\" alt=\"\" srcset=\"https:\/\/rol-lift.ee\/wp-content\/uploads\/2015\/01\/Kombi-174x300.jpg 174w, https:\/\/rol-lift.ee\/wp-content\/uploads\/2015\/01\/Kombi.jpg 290w\" sizes=\"auto, (max-width: 174px) 100vw, 174px\" \/><\/a>\n\t\t\t<\/dt><\/dl><dl class='gallery-item'>\n\t\t\t<dt class='gallery-icon portrait'>\n\t\t\t\t<a href='https:\/\/rol-lift.ee\/et\/liftid\/vaike-kaubalift\/st_bg\/'><img loading=\"lazy\" decoding=\"async\" width=\"197\" height=\"300\" src=\"https:\/\/rol-lift.ee\/wp-content\/uploads\/2015\/01\/ST_bg-197x300.jpg\" class=\"attachment-medium size-medium\" alt=\"\" srcset=\"https:\/\/rol-lift.ee\/wp-content\/uploads\/2015\/01\/ST_bg-197x300.jpg 197w, https:\/\/rol-lift.ee\/wp-content\/uploads\/2015\/01\/ST_bg.jpg 329w\" sizes=\"auto, (max-width: 197px) 100vw, 197px\" \/><\/a>\n\t\t\t<\/dt><\/dl>\n\t\t\t<br style='clear: both' \/>\n\t\t<\/div>\n\n<p>&nbsp;<\/p>\n<p>&nbsp;<\/p>\n<p>&nbsp;<\/p>\n<p>&nbsp;<\/p>","protected":false},"excerpt":{"rendered":"<p>V\u00e4ike kaubalitf &#8211; Teenindus lift. Teenindus liftid on t\u00f6\u00f6kindlad, lihtne kasutades, h\u00e4\u00e4letu, ja ei vaja erilist hooldust. Lifti kabiin on valmistatud terasest moodulitest ja saab olla lahtine v\u00f5i suletud. Kabiini sisse\u00a0v\u00f5ib paigaldada horisontaalsed riiulid, v\u00f5re piirdeid, valgustus. &nbsp; &nbsp; &nbsp; &nbsp;<\/p>\n","protected":false},"author":1,"featured_media":615,"parent":26,"menu_order":0,"comment_status":"open","ping_status":"open","template":"","meta":{"footnotes":""},"class_list":["post-50","page","type-page","status-publish","has-post-thumbnail","hentry"],"_links":{"self":[{"href":"https:\/\/rol-lift.ee\/et\/wp-json\/wp\/v2\/pages\/50","targetHints":{"allow":["GET"]}}],"collection":[{"href":"https:\/\/rol-lift.ee\/et\/wp-json\/wp\/v2\/pages"}],"about":[{"href":"https:\/\/rol-lift.ee\/et\/wp-json\/wp\/v2\/types\/page"}],"author":[{"embeddable":true,"href":"https:\/\/rol-lift.ee\/et\/wp-json\/wp\/v2\/users\/1"}],"replies":[{"embeddable":true,"href":"https:\/\/rol-lift.ee\/et\/wp-json\/wp\/v2\/comments?post=50"}],"version-history":[{"count":5,"href":"https:\/\/rol-lift.ee\/et\/wp-json\/wp\/v2\/pages\/50\/revisions"}],"predecessor-version":[{"id":622,"href":"https:\/\/rol-lift.ee\/et\/wp-json\/wp\/v2\/pages\/50\/revisions\/622"}],"up":[{"embeddable":true,"href":"https:\/\/rol-lift.ee\/et\/wp-json\/wp\/v2\/pages\/26"}],"wp:featuredmedia":[{"embeddable":true,"href":"https:\/\/rol-lift.ee\/et\/wp-json\/wp\/v2\/media\/615"}],"wp:attachment":[{"href":"https:\/\/rol-lift.ee\/et\/wp-json\/wp\/v2\/media?parent=50"}],"curies":[{"name":"wp","href":"https:\/\/api.w.org\/{rel}","templated":true}]}}