{"id":636,"date":"2015-03-05T10:35:41","date_gmt":"2015-03-05T10:35:41","guid":{"rendered":"http:\/\/www.rol-lift.ee\/?page_id=636"},"modified":"2015-03-24T11:50:10","modified_gmt":"2015-03-24T11:50:10","slug":"trepironijad-firmast-vimec","status":"publish","type":"page","link":"https:\/\/www.rol-lift.ee\/et\/trepironijad\/trepironijad-firmast-vimec\/","title":{"rendered":"Trepironijad firmast Vimec"},"content":{"rendered":"<p>Vimec firma tooded on v\u00e4ga usalduv\u00e4\u00e4rsed. Vimec pakub kaks erinevad mudeli T09 Roby ja T10 Scalacombi.<\/p>\n<p>&nbsp;<\/p>\n\n\t\t<style type=\"text\/css\">\n\t\t\t#gallery-1 {\n\t\t\t\tmargin: auto;\n\t\t\t}\n\t\t\t#gallery-1 .gallery-item {\n\t\t\t\tfloat: left;\n\t\t\t\tmargin-top: 10px;\n\t\t\t\ttext-align: center;\n\t\t\t\twidth: 25%;\n\t\t\t}\n\t\t\t#gallery-1 img {\n\t\t\t\tborder: 2px solid #cfcfcf;\n\t\t\t}\n\t\t\t#gallery-1 .gallery-caption {\n\t\t\t\tmargin-left: 0;\n\t\t\t}\n\t\t\t\/* see gallery_shortcode() in wp-includes\/media.php *\/\n\t\t<\/style>\n\t\t<div id='gallery-1' class='gallery galleryid-636 gallery-columns-4 gallery-size-thumbnail'><dl class='gallery-item'>\n\t\t\t<dt class='gallery-icon landscape'>\n\t\t\t\t<a href='https:\/\/www.rol-lift.ee\/et\/trepironijad\/trepironijad-firmast-vimec\/roby-standard-001\/'><img loading=\"lazy\" decoding=\"async\" width=\"150\" height=\"150\" src=\"https:\/\/www.rol-lift.ee\/wp-content\/uploads\/2015\/03\/t09-roby-03-150x150.jpg\" class=\"attachment-thumbnail size-thumbnail\" alt=\"\" srcset=\"https:\/\/www.rol-lift.ee\/wp-content\/uploads\/2015\/03\/t09-roby-03-150x150.jpg 150w, https:\/\/www.rol-lift.ee\/wp-content\/uploads\/2015\/03\/t09-roby-03-300x300.jpg 300w, https:\/\/www.rol-lift.ee\/wp-content\/uploads\/2015\/03\/t09-roby-03.jpg 769w\" sizes=\"auto, (max-width: 150px) 100vw, 150px\" \/><\/a>\n\t\t\t<\/dt><\/dl><dl class='gallery-item'>\n\t\t\t<dt class='gallery-icon portrait'>\n\t\t\t\t<a href='https:\/\/www.rol-lift.ee\/et\/trepironijad\/trepironijad-firmast-vimec\/t09-roby-04\/'><img loading=\"lazy\" decoding=\"async\" width=\"150\" height=\"150\" src=\"https:\/\/www.rol-lift.ee\/wp-content\/uploads\/2015\/03\/t09-roby-04-150x150.jpg\" class=\"attachment-thumbnail size-thumbnail\" alt=\"\" \/><\/a>\n\t\t\t<\/dt><\/dl><dl class='gallery-item'>\n\t\t\t<dt class='gallery-icon portrait'>\n\t\t\t\t<a href='https:\/\/www.rol-lift.ee\/et\/trepironijad\/trepironijad-firmast-vimec\/t09-roby-05\/'><img loading=\"lazy\" decoding=\"async\" width=\"150\" height=\"150\" src=\"https:\/\/www.rol-lift.ee\/wp-content\/uploads\/2015\/03\/t09-roby-05-150x150.jpg\" class=\"attachment-thumbnail size-thumbnail\" alt=\"\" \/><\/a>\n\t\t\t<\/dt><\/dl><dl class='gallery-item'>\n\t\t\t<dt class='gallery-icon portrait'>\n\t\t\t\t<a href='https:\/\/www.rol-lift.ee\/et\/trepironijad\/trepironijad-firmast-vimec\/t09-roby-06\/'><img loading=\"lazy\" decoding=\"async\" width=\"150\" height=\"150\" src=\"https:\/\/www.rol-lift.ee\/wp-content\/uploads\/2015\/03\/t09-roby-06-150x150.jpg\" class=\"attachment-thumbnail size-thumbnail\" alt=\"\" \/><\/a>\n\t\t\t<\/dt><\/dl><br style=\"clear: both\" \/>\n\t\t<\/div>\n\n<p>Esimene t\u00f5stukiga T09 Roby\u00a0on v\u00f5imalik ratastoolis olevat inimest lihtsamalt transportida treppidel. Kinnitad ratastool trepironija k\u00fclge, liigud trepi juurde, vajutad nuppu ja masin veab inimese koos ratastooliga \u00fclesse. Teil j\u00e4\u00e4b \u00fcle ainult hoida juhtrauast ning hiljem ratastool masina k\u00fcljest lahti \u00fchendada.<\/p>\n<p>Masina juhtimine ei vaja f\u00fc\u00fcsilist j\u00f5udu. Antud toode sobib ideaalselt kasutamiseks hoolekandeastuses v\u00f5i erasektoris, kus kasutatakse peamiselt standardseid passiivratastoole.<\/p>\n\n\t\t<style type=\"text\/css\">\n\t\t\t#gallery-2 {\n\t\t\t\tmargin: auto;\n\t\t\t}\n\t\t\t#gallery-2 .gallery-item {\n\t\t\t\tfloat: left;\n\t\t\t\tmargin-top: 10px;\n\t\t\t\ttext-align: center;\n\t\t\t\twidth: 33%;\n\t\t\t}\n\t\t\t#gallery-2 img {\n\t\t\t\tborder: 2px solid #cfcfcf;\n\t\t\t}\n\t\t\t#gallery-2 .gallery-caption {\n\t\t\t\tmargin-left: 0;\n\t\t\t}\n\t\t\t\/* see gallery_shortcode() in wp-includes\/media.php *\/\n\t\t<\/style>\n\t\t<div id='gallery-2' class='gallery galleryid-636 gallery-columns-3 gallery-size-thumbnail'><dl class='gallery-item'>\n\t\t\t<dt class='gallery-icon portrait'>\n\t\t\t\t<a href='https:\/\/www.rol-lift.ee\/et\/trepironijad\/trepironijad-firmast-vimec\/t09-roby-02\/'><img loading=\"lazy\" decoding=\"async\" width=\"150\" height=\"150\" src=\"https:\/\/www.rol-lift.ee\/wp-content\/uploads\/2015\/03\/t09-roby-02-150x150.jpg\" class=\"attachment-thumbnail size-thumbnail\" alt=\"\" \/><\/a>\n\t\t\t<\/dt><\/dl><dl class='gallery-item'>\n\t\t\t<dt class='gallery-icon landscape'>\n\t\t\t\t<a href='https:\/\/www.rol-lift.ee\/et\/trepironijad\/trepironijad-firmast-vimec\/foto-8\/'><img loading=\"lazy\" decoding=\"async\" width=\"150\" height=\"150\" src=\"https:\/\/www.rol-lift.ee\/wp-content\/uploads\/2015\/03\/foto-8-150x150.jpg\" class=\"attachment-thumbnail size-thumbnail\" alt=\"\" \/><\/a>\n\t\t\t<\/dt><\/dl><dl class='gallery-item'>\n\t\t\t<dt class='gallery-icon landscape'>\n\t\t\t\t<a href='https:\/\/www.rol-lift.ee\/et\/trepironijad\/trepironijad-firmast-vimec\/9eaf563f474da469b42b79c34303a158_xl\/'><img loading=\"lazy\" decoding=\"async\" width=\"150\" height=\"150\" src=\"https:\/\/www.rol-lift.ee\/wp-content\/uploads\/2015\/03\/9eaf563f474da469b42b79c34303a158_XL-150x150.jpg\" class=\"attachment-thumbnail size-thumbnail\" alt=\"\" \/><\/a>\n\t\t\t<\/dt><\/dl><br style=\"clear: both\" \/>\n\t\t<\/div>\n\n<p>Maksimaalne kandej\u00f5ud 130kg, kaal 47kg, t\u00f6\u00f6tab 2x12V akudel. Liikumiskiirus 5m\/min. Ratastooli kiirkinnitus. Mademetel liikumiseks ja p\u00f6\u00f6ramiseks lisarattad. \u00dche laadimisega s\u00f5idab kuni 23 korrust j\u00e4rjest. Juhtraual peab vajutama ja hoidma juhtnuppe. Turvav\u00f6\u00f6 inimese kinni- tamiseks. V\u00f5ti trepironija lukustamiseks.<\/p>","protected":false},"excerpt":{"rendered":"<p>Vimec firma tooded on v\u00e4ga usalduv\u00e4\u00e4rsed. Vimec pakub kaks erinevad mudeli T09 Roby ja T10 Scalacombi. &nbsp; Esimene t\u00f5stukiga T09 Roby\u00a0on v\u00f5imalik ratastoolis olevat inimest lihtsamalt transportida treppidel. Kinnitad ratastool trepironija k\u00fclge, liigud trepi juurde, vajutad nuppu ja masin veab inimese koos ratastooliga \u00fclesse. Teil j\u00e4\u00e4b \u00fcle ainult hoida juhtrauast ning hiljem ratastool masina k\u00fcljest [&hellip;]<\/p>\n","protected":false},"author":2,"featured_media":639,"parent":39,"menu_order":0,"comment_status":"open","ping_status":"open","template":"","meta":{"footnotes":""},"class_list":["post-636","page","type-page","status-publish","has-post-thumbnail","hentry"],"_links":{"self":[{"href":"https:\/\/www.rol-lift.ee\/et\/wp-json\/wp\/v2\/pages\/636","targetHints":{"allow":["GET"]}}],"collection":[{"href":"https:\/\/www.rol-lift.ee\/et\/wp-json\/wp\/v2\/pages"}],"about":[{"href":"https:\/\/www.rol-lift.ee\/et\/wp-json\/wp\/v2\/types\/page"}],"author":[{"embeddable":true,"href":"https:\/\/www.rol-lift.ee\/et\/wp-json\/wp\/v2\/users\/2"}],"replies":[{"embeddable":true,"href":"https:\/\/www.rol-lift.ee\/et\/wp-json\/wp\/v2\/comments?post=636"}],"version-history":[{"count":4,"href":"https:\/\/www.rol-lift.ee\/et\/wp-json\/wp\/v2\/pages\/636\/revisions"}],"predecessor-version":[{"id":729,"href":"https:\/\/www.rol-lift.ee\/et\/wp-json\/wp\/v2\/pages\/636\/revisions\/729"}],"up":[{"embeddable":true,"href":"https:\/\/www.rol-lift.ee\/et\/wp-json\/wp\/v2\/pages\/39"}],"wp:featuredmedia":[{"embeddable":true,"href":"https:\/\/www.rol-lift.ee\/et\/wp-json\/wp\/v2\/media\/639"}],"wp:attachment":[{"href":"https:\/\/www.rol-lift.ee\/et\/wp-json\/wp\/v2\/media?parent=636"}],"curies":[{"name":"wp","href":"https:\/\/api.w.org\/{rel}","templated":true}]}}