{"id":648,"date":"2015-03-06T09:01:16","date_gmt":"2015-03-06T09:01:16","guid":{"rendered":"http:\/\/www.rol-lift.ee\/?page_id=648"},"modified":"2015-03-24T11:50:28","modified_gmt":"2015-03-24T11:50:28","slug":"trepironijad-lehner-lifttechnik","status":"publish","type":"page","link":"https:\/\/rol-lift.ee\/et\/trepironijad\/trepironijad-lehner-lifttechnik\/","title":{"rendered":"Trepironijad Lehner Lifttechnik"},"content":{"rendered":"<p>Firma Lechner Lifttehnik pakub 4 erinevad trepironija mudeli &#8211; Stairmax, Standard, avalike ja Evac Skate.<\/p>\n\n\t\t<style type=\"text\/css\">\n\t\t\t#gallery-1 {\n\t\t\t\tmargin: auto;\n\t\t\t}\n\t\t\t#gallery-1 .gallery-item {\n\t\t\t\tfloat: left;\n\t\t\t\tmargin-top: 10px;\n\t\t\t\ttext-align: center;\n\t\t\t\twidth: 33%;\n\t\t\t}\n\t\t\t#gallery-1 img {\n\t\t\t\tborder: 2px solid #cfcfcf;\n\t\t\t}\n\t\t\t#gallery-1 .gallery-caption {\n\t\t\t\tmargin-left: 0;\n\t\t\t}\n\t\t\t\/* see gallery_shortcode() in wp-includes\/media.php *\/\n\t\t<\/style>\n\t\t<div id='gallery-1' class='gallery galleryid-648 gallery-columns-3 gallery-size-thumbnail'><dl class='gallery-item'>\n\t\t\t<dt class='gallery-icon landscape'>\n\t\t\t\t<a href='https:\/\/rol-lift.ee\/et\/trepironijad\/trepironijad-lehner-lifttechnik\/797b8c2fb351063df33bca3ac2e0c923\/'><img loading=\"lazy\" decoding=\"async\" width=\"150\" height=\"150\" src=\"https:\/\/rol-lift.ee\/wp-content\/uploads\/2015\/03\/797b8c2fb351063df33bca3ac2e0c923-150x150.jpg\" class=\"attachment-thumbnail size-thumbnail\" alt=\"\" \/><\/a>\n\t\t\t<\/dt><\/dl><dl class='gallery-item'>\n\t\t\t<dt class='gallery-icon landscape'>\n\t\t\t\t<a href='https:\/\/rol-lift.ee\/et\/trepironijad\/trepironijad-lehner-lifttechnik\/465f5162973477f24d63d93f8badc9df\/'><img loading=\"lazy\" decoding=\"async\" width=\"150\" height=\"150\" src=\"https:\/\/rol-lift.ee\/wp-content\/uploads\/2015\/03\/465f5162973477f24d63d93f8badc9df-150x150.jpg\" class=\"attachment-thumbnail size-thumbnail\" alt=\"\" \/><\/a>\n\t\t\t<\/dt><\/dl><dl class='gallery-item'>\n\t\t\t<dt class='gallery-icon landscape'>\n\t\t\t\t<a href='https:\/\/rol-lift.ee\/et\/trepironijad\/trepironijad-lehner-lifttechnik\/4da61068c4bfc120ecfc64bd68af108e\/'><img loading=\"lazy\" decoding=\"async\" width=\"150\" height=\"150\" src=\"https:\/\/rol-lift.ee\/wp-content\/uploads\/2015\/03\/4da61068c4bfc120ecfc64bd68af108e-150x150.jpg\" class=\"attachment-thumbnail size-thumbnail\" alt=\"\" \/><\/a>\n\t\t\t<\/dt><\/dl><br style=\"clear: both\" \/>\n\t\t<\/div>\n\n<p>Trepironija <strong>Stairmax<\/strong> &#8211; maailma ainus j\u00e4litatud lift, mis v\u00f5imaldab ratastoolis inimesele minna trepist \u00fcles v\u00f5i alla ilma k\u00f5rvalise abita.<\/p>\n\n\t\t<style type=\"text\/css\">\n\t\t\t#gallery-2 {\n\t\t\t\tmargin: auto;\n\t\t\t}\n\t\t\t#gallery-2 .gallery-item {\n\t\t\t\tfloat: left;\n\t\t\t\tmargin-top: 10px;\n\t\t\t\ttext-align: center;\n\t\t\t\twidth: 33%;\n\t\t\t}\n\t\t\t#gallery-2 img {\n\t\t\t\tborder: 2px solid #cfcfcf;\n\t\t\t}\n\t\t\t#gallery-2 .gallery-caption {\n\t\t\t\tmargin-left: 0;\n\t\t\t}\n\t\t\t\/* see gallery_shortcode() in wp-includes\/media.php *\/\n\t\t<\/style>\n\t\t<div id='gallery-2' class='gallery galleryid-648 gallery-columns-3 gallery-size-thumbnail'><dl class='gallery-item'>\n\t\t\t<dt class='gallery-icon landscape'>\n\t\t\t\t<a href='https:\/\/rol-lift.ee\/et\/trepironijad\/trepironijad-lehner-lifttechnik\/a2699edd621796680164c8bd5250a873\/'><img loading=\"lazy\" decoding=\"async\" width=\"150\" height=\"150\" src=\"https:\/\/rol-lift.ee\/wp-content\/uploads\/2015\/03\/a2699edd621796680164c8bd5250a873-150x150.jpg\" class=\"attachment-thumbnail size-thumbnail\" alt=\"\" \/><\/a>\n\t\t\t<\/dt><\/dl><dl class='gallery-item'>\n\t\t\t<dt class='gallery-icon landscape'>\n\t\t\t\t<a href='https:\/\/rol-lift.ee\/et\/trepironijad\/trepironijad-lehner-lifttechnik\/36ce297a0d390e9e02a25576112c3ebb\/'><img loading=\"lazy\" decoding=\"async\" width=\"150\" height=\"150\" src=\"https:\/\/rol-lift.ee\/wp-content\/uploads\/2015\/03\/36ce297a0d390e9e02a25576112c3ebb-150x150.jpg\" class=\"attachment-thumbnail size-thumbnail\" alt=\"\" \/><\/a>\n\t\t\t<\/dt><\/dl><dl class='gallery-item'>\n\t\t\t<dt class='gallery-icon landscape'>\n\t\t\t\t<a href='https:\/\/rol-lift.ee\/et\/trepironijad\/trepironijad-lehner-lifttechnik\/20f2363ee87e3a7bf618e27ddf14802c\/'><img loading=\"lazy\" decoding=\"async\" width=\"150\" height=\"150\" src=\"https:\/\/rol-lift.ee\/wp-content\/uploads\/2015\/03\/20f2363ee87e3a7bf618e27ddf14802c-150x150.jpg\" class=\"attachment-thumbnail size-thumbnail\" alt=\"\" \/><\/a>\n\t\t\t<\/dt><\/dl><br style=\"clear: both\" \/><dl class='gallery-item'>\n\t\t\t<dt class='gallery-icon landscape'>\n\t\t\t\t<a href='https:\/\/rol-lift.ee\/et\/trepironijad\/trepironijad-lehner-lifttechnik\/db0b005ae208c3d5a5e32c4b529e995f\/'><img loading=\"lazy\" decoding=\"async\" width=\"150\" height=\"150\" src=\"https:\/\/rol-lift.ee\/wp-content\/uploads\/2015\/03\/db0b005ae208c3d5a5e32c4b529e995f-150x150.jpg\" class=\"attachment-thumbnail size-thumbnail\" alt=\"\" \/><\/a>\n\t\t\t<\/dt><\/dl><dl class='gallery-item'>\n\t\t\t<dt class='gallery-icon landscape'>\n\t\t\t\t<a href='https:\/\/rol-lift.ee\/et\/trepironijad\/trepironijad-lehner-lifttechnik\/442704df446947c886507e6d5b72fe5c\/'><img loading=\"lazy\" decoding=\"async\" width=\"150\" height=\"150\" src=\"https:\/\/rol-lift.ee\/wp-content\/uploads\/2015\/03\/442704df446947c886507e6d5b72fe5c-150x150.jpg\" class=\"attachment-thumbnail size-thumbnail\" alt=\"\" \/><\/a>\n\t\t\t<\/dt><\/dl><dl class='gallery-item'>\n\t\t\t<dt class='gallery-icon landscape'>\n\t\t\t\t<a href='https:\/\/rol-lift.ee\/et\/trepironijad\/trepironijad-lehner-lifttechnik\/e619754975af8cad8c9394e8874d9f48\/'><img loading=\"lazy\" decoding=\"async\" width=\"150\" height=\"150\" src=\"https:\/\/rol-lift.ee\/wp-content\/uploads\/2015\/03\/e619754975af8cad8c9394e8874d9f48-150x150.jpg\" class=\"attachment-thumbnail size-thumbnail\" alt=\"\" \/><\/a>\n\t\t\t<\/dt><\/dl><br style=\"clear: both\" \/>\n\t\t<\/div>\n\n<p>Trepironija <strong>Standart<\/strong>\u00a0t\u00f5useb trepides 35 kraadi t\u00f5usega. Lihtsalt reguleeritakse teie ratastooli m\u00f5\u00f5du j\u00e4rgi, k\u00e4ib kergesti lahti hoidmiseks ja kaasaskandmiseks. N\u00f5uab minimaalselt hooldust.<\/p>\n\n\t\t<style type=\"text\/css\">\n\t\t\t#gallery-3 {\n\t\t\t\tmargin: auto;\n\t\t\t}\n\t\t\t#gallery-3 .gallery-item {\n\t\t\t\tfloat: left;\n\t\t\t\tmargin-top: 10px;\n\t\t\t\ttext-align: center;\n\t\t\t\twidth: 33%;\n\t\t\t}\n\t\t\t#gallery-3 img {\n\t\t\t\tborder: 2px solid #cfcfcf;\n\t\t\t}\n\t\t\t#gallery-3 .gallery-caption {\n\t\t\t\tmargin-left: 0;\n\t\t\t}\n\t\t\t\/* see gallery_shortcode() in wp-includes\/media.php *\/\n\t\t<\/style>\n\t\t<div id='gallery-3' class='gallery galleryid-648 gallery-columns-3 gallery-size-thumbnail'><dl class='gallery-item'>\n\t\t\t<dt class='gallery-icon landscape'>\n\t\t\t\t<a href='https:\/\/rol-lift.ee\/et\/trepironijad\/trepironijad-lehner-lifttechnik\/429a22e5ace51b620343c81a4676ea26\/'><img loading=\"lazy\" decoding=\"async\" width=\"150\" height=\"150\" src=\"https:\/\/rol-lift.ee\/wp-content\/uploads\/2015\/03\/429a22e5ace51b620343c81a4676ea26-150x150.jpg\" class=\"attachment-thumbnail size-thumbnail\" alt=\"\" \/><\/a>\n\t\t\t<\/dt><\/dl><dl class='gallery-item'>\n\t\t\t<dt class='gallery-icon portrait'>\n\t\t\t\t<a href='https:\/\/rol-lift.ee\/et\/trepironijad\/trepironijad-lehner-lifttechnik\/6b58298bb83c17499fd2a0188775495b\/'><img loading=\"lazy\" decoding=\"async\" width=\"150\" height=\"150\" src=\"https:\/\/rol-lift.ee\/wp-content\/uploads\/2015\/03\/6b58298bb83c17499fd2a0188775495b-150x150.jpg\" class=\"attachment-thumbnail size-thumbnail\" alt=\"\" \/><\/a>\n\t\t\t<\/dt><\/dl><dl class='gallery-item'>\n\t\t\t<dt class='gallery-icon landscape'>\n\t\t\t\t<a href='https:\/\/rol-lift.ee\/et\/trepironijad\/trepironijad-lehner-lifttechnik\/0ca28750f3797010eec56b424f6482bc\/'><img loading=\"lazy\" decoding=\"async\" width=\"150\" height=\"150\" src=\"https:\/\/rol-lift.ee\/wp-content\/uploads\/2015\/03\/0ca28750f3797010eec56b424f6482bc-150x150.jpg\" class=\"attachment-thumbnail size-thumbnail\" alt=\"\" \/><\/a>\n\t\t\t<\/dt><\/dl><br style=\"clear: both\" \/><dl class='gallery-item'>\n\t\t\t<dt class='gallery-icon portrait'>\n\t\t\t\t<a href='https:\/\/rol-lift.ee\/et\/trepironijad\/trepironijad-lehner-lifttechnik\/414c1ca04d8e007591df8cf26a85618b\/'><img loading=\"lazy\" decoding=\"async\" width=\"150\" height=\"150\" src=\"https:\/\/rol-lift.ee\/wp-content\/uploads\/2015\/03\/414c1ca04d8e007591df8cf26a85618b-150x150.jpg\" class=\"attachment-thumbnail size-thumbnail\" alt=\"\" \/><\/a>\n\t\t\t<\/dt><\/dl><dl class='gallery-item'>\n\t\t\t<dt class='gallery-icon landscape'>\n\t\t\t\t<a href='https:\/\/rol-lift.ee\/et\/trepironijad\/trepironijad-lehner-lifttechnik\/7eeaaefe42fab276f4c5b9a2011a9d50\/'><img loading=\"lazy\" decoding=\"async\" width=\"150\" height=\"150\" src=\"https:\/\/rol-lift.ee\/wp-content\/uploads\/2015\/03\/7eeaaefe42fab276f4c5b9a2011a9d50-150x150.jpg\" class=\"attachment-thumbnail size-thumbnail\" alt=\"\" \/><\/a>\n\t\t\t<\/dt><\/dl><dl class='gallery-item'>\n\t\t\t<dt class='gallery-icon portrait'>\n\t\t\t\t<a href='https:\/\/rol-lift.ee\/et\/trepironijad\/trepironijad-lehner-lifttechnik\/abb1937fb4487adaa12d569e477f528f\/'><img loading=\"lazy\" decoding=\"async\" width=\"150\" height=\"150\" src=\"https:\/\/rol-lift.ee\/wp-content\/uploads\/2015\/03\/abb1937fb4487adaa12d569e477f528f-150x150.jpg\" class=\"attachment-thumbnail size-thumbnail\" alt=\"\" \/><\/a>\n\t\t\t<\/dt><\/dl><br style=\"clear: both\" \/>\n\t\t<\/div>\n\n<p>Trepironija<strong> Public<\/strong>\u00a0v\u00f5tab peale koik\u00a0ratastooli t\u00fc\u00fcbid, on hea alternatiiv treppi platvormt\u00f5stukile.<\/p>\n\n\t\t<style type=\"text\/css\">\n\t\t\t#gallery-4 {\n\t\t\t\tmargin: auto;\n\t\t\t}\n\t\t\t#gallery-4 .gallery-item {\n\t\t\t\tfloat: left;\n\t\t\t\tmargin-top: 10px;\n\t\t\t\ttext-align: center;\n\t\t\t\twidth: 33%;\n\t\t\t}\n\t\t\t#gallery-4 img {\n\t\t\t\tborder: 2px solid #cfcfcf;\n\t\t\t}\n\t\t\t#gallery-4 .gallery-caption {\n\t\t\t\tmargin-left: 0;\n\t\t\t}\n\t\t\t\/* see gallery_shortcode() in wp-includes\/media.php *\/\n\t\t<\/style>\n\t\t<div id='gallery-4' class='gallery galleryid-648 gallery-columns-3 gallery-size-thumbnail'><dl class='gallery-item'>\n\t\t\t<dt class='gallery-icon portrait'>\n\t\t\t\t<a href='https:\/\/rol-lift.ee\/et\/trepironijad\/trepironijad-lehner-lifttechnik\/b94ba5f52b1d93a75f01d3275847b758\/'><img loading=\"lazy\" decoding=\"async\" width=\"150\" height=\"150\" src=\"https:\/\/rol-lift.ee\/wp-content\/uploads\/2015\/03\/b94ba5f52b1d93a75f01d3275847b758-150x150.jpg\" class=\"attachment-thumbnail size-thumbnail\" alt=\"\" \/><\/a>\n\t\t\t<\/dt><\/dl><dl class='gallery-item'>\n\t\t\t<dt class='gallery-icon portrait'>\n\t\t\t\t<a href='https:\/\/rol-lift.ee\/et\/trepironijad\/trepironijad-lehner-lifttechnik\/b0d4d91f07325bb9ffa4a5a41a279cda\/'><img loading=\"lazy\" decoding=\"async\" width=\"150\" height=\"150\" src=\"https:\/\/rol-lift.ee\/wp-content\/uploads\/2015\/03\/b0d4d91f07325bb9ffa4a5a41a279cda-150x150.jpg\" class=\"attachment-thumbnail size-thumbnail\" alt=\"\" \/><\/a>\n\t\t\t<\/dt><\/dl><dl class='gallery-item'>\n\t\t\t<dt class='gallery-icon portrait'>\n\t\t\t\t<a href='https:\/\/rol-lift.ee\/et\/trepironijad\/trepironijad-lehner-lifttechnik\/a285d9a2cb09b653b5b955eb335a7373\/'><img loading=\"lazy\" decoding=\"async\" width=\"150\" height=\"150\" src=\"https:\/\/rol-lift.ee\/wp-content\/uploads\/2015\/03\/a285d9a2cb09b653b5b955eb335a7373-150x150.jpg\" class=\"attachment-thumbnail size-thumbnail\" alt=\"\" \/><\/a>\n\t\t\t<\/dt><\/dl><br style=\"clear: both\" \/><dl class='gallery-item'>\n\t\t\t<dt class='gallery-icon landscape'>\n\t\t\t\t<a href='https:\/\/rol-lift.ee\/et\/trepironijad\/trepironijad-lehner-lifttechnik\/4613701ef136d5e374047814545433c3\/'><img loading=\"lazy\" decoding=\"async\" width=\"150\" height=\"150\" src=\"https:\/\/rol-lift.ee\/wp-content\/uploads\/2015\/03\/4613701ef136d5e374047814545433c3-150x150.jpg\" class=\"attachment-thumbnail size-thumbnail\" alt=\"\" \/><\/a>\n\t\t\t<\/dt><\/dl><dl class='gallery-item'>\n\t\t\t<dt class='gallery-icon portrait'>\n\t\t\t\t<a href='https:\/\/rol-lift.ee\/et\/trepironijad\/trepironijad-lehner-lifttechnik\/29873d07291d9a301488f97e04f02a6f\/'><img loading=\"lazy\" decoding=\"async\" width=\"150\" height=\"150\" src=\"https:\/\/rol-lift.ee\/wp-content\/uploads\/2015\/03\/29873d07291d9a301488f97e04f02a6f-150x150.jpg\" class=\"attachment-thumbnail size-thumbnail\" alt=\"\" \/><\/a>\n\t\t\t<\/dt><\/dl><dl class='gallery-item'>\n\t\t\t<dt class='gallery-icon portrait'>\n\t\t\t\t<a href='https:\/\/rol-lift.ee\/et\/trepironijad\/trepironijad-lehner-lifttechnik\/8aaec8d0779b7ad79b5902638de2e2d2\/'><img loading=\"lazy\" decoding=\"async\" width=\"150\" height=\"150\" src=\"https:\/\/rol-lift.ee\/wp-content\/uploads\/2015\/03\/8aaec8d0779b7ad79b5902638de2e2d2-150x150.jpg\" class=\"attachment-thumbnail size-thumbnail\" alt=\"\" \/><\/a>\n\t\t\t<\/dt><\/dl><br style=\"clear: both\" \/>\n\t\t<\/div>\n\n<p>Trepironija Evac Skate \u00a0kasutatakse h\u00e4daolukorras isikute transporteerimiseks \u00fclevalt alla.<\/p>","protected":false},"excerpt":{"rendered":"<p>Firma Lechner Lifttehnik pakub 4 erinevad trepironija mudeli &#8211; Stairmax, Standard, avalike ja Evac Skate. Trepironija Stairmax &#8211; maailma ainus j\u00e4litatud lift, mis v\u00f5imaldab ratastoolis inimesele minna trepist \u00fcles v\u00f5i alla ilma k\u00f5rvalise abita. Trepironija Standart\u00a0t\u00f5useb trepides 35 kraadi t\u00f5usega. Lihtsalt reguleeritakse teie ratastooli m\u00f5\u00f5du j\u00e4rgi, k\u00e4ib kergesti lahti hoidmiseks ja kaasaskandmiseks. N\u00f5uab minimaalselt hooldust. [&hellip;]<\/p>\n","protected":false},"author":2,"featured_media":652,"parent":39,"menu_order":0,"comment_status":"open","ping_status":"open","template":"","meta":{"footnotes":""},"class_list":["post-648","page","type-page","status-publish","has-post-thumbnail","hentry"],"_links":{"self":[{"href":"https:\/\/rol-lift.ee\/et\/wp-json\/wp\/v2\/pages\/648","targetHints":{"allow":["GET"]}}],"collection":[{"href":"https:\/\/rol-lift.ee\/et\/wp-json\/wp\/v2\/pages"}],"about":[{"href":"https:\/\/rol-lift.ee\/et\/wp-json\/wp\/v2\/types\/page"}],"author":[{"embeddable":true,"href":"https:\/\/rol-lift.ee\/et\/wp-json\/wp\/v2\/users\/2"}],"replies":[{"embeddable":true,"href":"https:\/\/rol-lift.ee\/et\/wp-json\/wp\/v2\/comments?post=648"}],"version-history":[{"count":5,"href":"https:\/\/rol-lift.ee\/et\/wp-json\/wp\/v2\/pages\/648\/revisions"}],"predecessor-version":[{"id":730,"href":"https:\/\/rol-lift.ee\/et\/wp-json\/wp\/v2\/pages\/648\/revisions\/730"}],"up":[{"embeddable":true,"href":"https:\/\/rol-lift.ee\/et\/wp-json\/wp\/v2\/pages\/39"}],"wp:featuredmedia":[{"embeddable":true,"href":"https:\/\/rol-lift.ee\/et\/wp-json\/wp\/v2\/media\/652"}],"wp:attachment":[{"href":"https:\/\/rol-lift.ee\/et\/wp-json\/wp\/v2\/media?parent=648"}],"curies":[{"name":"wp","href":"https:\/\/api.w.org\/{rel}","templated":true}]}}