{"id":704,"date":"2015-03-24T11:05:00","date_gmt":"2015-03-24T11:05:00","guid":{"rendered":"http:\/\/www.rol-lift.ee\/?page_id=704"},"modified":"2015-03-24T11:49:30","modified_gmt":"2015-03-24T11:49:30","slug":"trepironijad-firmast-aat-alber-antriebstechnik","status":"publish","type":"page","link":"https:\/\/rol-lift.ee\/et\/trepironijad\/trepironijad-firmast-aat-alber-antriebstechnik\/","title":{"rendered":"Trepironijad AAT Alber Antriebstechnik"},"content":{"rendered":"<p>Ettev\u00f5te AAT Alber Antriebstechnik GmbH on mitmek\u00fclgse ja mugava treppronimise s\u00fcsteemide tootja.<\/p>\n<p>AAT firma pakub 5 erineva mudeli<\/p>\n<p><strong>Mudel C-max U1.<\/strong><\/p>\n<p>Kerge ja kompaktne c-max U1 on sinu ideaalne kaaslane igap\u00e4evaelus. Sellega saab kergesti \u00fcletada trepid ja hakkama k\u00f5nniteed turvaliselt ja mugavalt,\u00a0rohkem liikuvust ja elukvaliteet,\u00a0lihtne ja ohutu k\u00e4itlemine,\u00a0v\u00e4he f\u00fc\u00fcsilist pingutust on vaja kohta osa saatjal,\u00a0lihtne s\u00e4ilitada t\u00e4nu kergele kaalule erinevate osade,\u00a0ohutu ja mugav,\u00a0sobib inimese kaaluga 140 kg | 160 kg.<\/p>\n\n\t\t<style type=\"text\/css\">\n\t\t\t#gallery-1 {\n\t\t\t\tmargin: auto;\n\t\t\t}\n\t\t\t#gallery-1 .gallery-item {\n\t\t\t\tfloat: left;\n\t\t\t\tmargin-top: 10px;\n\t\t\t\ttext-align: center;\n\t\t\t\twidth: 33%;\n\t\t\t}\n\t\t\t#gallery-1 img {\n\t\t\t\tborder: 2px solid #cfcfcf;\n\t\t\t}\n\t\t\t#gallery-1 .gallery-caption {\n\t\t\t\tmargin-left: 0;\n\t\t\t}\n\t\t\t\/* see gallery_shortcode() in wp-includes\/media.php *\/\n\t\t<\/style>\n\t\t<div id='gallery-1' class='gallery galleryid-704 gallery-columns-3 gallery-size-thumbnail'><dl class='gallery-item'>\n\t\t\t<dt class='gallery-icon portrait'>\n\t\t\t\t<a href='https:\/\/rol-lift.ee\/et\/trepironijad\/trepironijad-firmast-aat-alber-antriebstechnik\/c-max-u1-technische-daten\/'><img loading=\"lazy\" decoding=\"async\" width=\"150\" height=\"150\" src=\"https:\/\/rol-lift.ee\/wp-content\/uploads\/2015\/03\/c-max-u1-technische-daten-150x150.jpg\" class=\"attachment-thumbnail size-thumbnail\" alt=\"\" \/><\/a>\n\t\t\t<\/dt><\/dl><dl class='gallery-item'>\n\t\t\t<dt class='gallery-icon landscape'>\n\t\t\t\t<a href='https:\/\/rol-lift.ee\/et\/trepironijad\/trepironijad-firmast-aat-alber-antriebstechnik\/cmax-u1-kofferraum\/'><img loading=\"lazy\" decoding=\"async\" width=\"150\" height=\"144\" src=\"https:\/\/rol-lift.ee\/wp-content\/uploads\/2015\/03\/cmax-u1-kofferraum-150x144.jpg\" class=\"attachment-thumbnail size-thumbnail\" alt=\"\" \/><\/a>\n\t\t\t<\/dt><\/dl><dl class='gallery-item'>\n\t\t\t<dt class='gallery-icon portrait'>\n\t\t\t\t<a href='https:\/\/rol-lift.ee\/et\/trepironijad\/trepironijad-firmast-aat-alber-antriebstechnik\/c-max-u1-treppe\/'><img loading=\"lazy\" decoding=\"async\" width=\"150\" height=\"150\" src=\"https:\/\/rol-lift.ee\/wp-content\/uploads\/2015\/03\/c-max-u1-treppe-150x150.jpg\" class=\"attachment-thumbnail size-thumbnail\" alt=\"\" \/><\/a>\n\t\t\t<\/dt><\/dl><br style=\"clear: both\" \/>\n\t\t<\/div>\n\n<p><strong>Mudel Escalino<\/strong>.<\/p>\n<p>Escalino on mugav trepironija iga p\u00e4eva kasutamiseks, kodus v\u00f5i reisil, v\u00f5i v\u00e4ljaspool. Escalino v\u00f5idab kergesti ja ohutult k\u00f5ige erinevamad trepid ja pakub paremat elukvaliteeti, sest see suurendab teie liikuvus m\u00e4rgatavalt:\u00a0patenteeritud ronimis kinemaatika,\u00a0v\u00f5idab kergesti ja ohutult k\u00f5ige erinevamad trepi t\u00fc\u00fcpi,\u00a0lihtne kasutamine ja k\u00e4itlemine,\u00a0\u00fcheetapiline re\u017eiim, manuaal l\u00fclitamine,\u00a0sobib inimese max kaaluga 120 kg ja\u00a0maksimaalne kogumass 155 kg.<\/p>\n\n\t\t<style type=\"text\/css\">\n\t\t\t#gallery-2 {\n\t\t\t\tmargin: auto;\n\t\t\t}\n\t\t\t#gallery-2 .gallery-item {\n\t\t\t\tfloat: left;\n\t\t\t\tmargin-top: 10px;\n\t\t\t\ttext-align: center;\n\t\t\t\twidth: 33%;\n\t\t\t}\n\t\t\t#gallery-2 img {\n\t\t\t\tborder: 2px solid #cfcfcf;\n\t\t\t}\n\t\t\t#gallery-2 .gallery-caption {\n\t\t\t\tmargin-left: 0;\n\t\t\t}\n\t\t\t\/* see gallery_shortcode() in wp-includes\/media.php *\/\n\t\t<\/style>\n\t\t<div id='gallery-2' class='gallery galleryid-704 gallery-columns-3 gallery-size-thumbnail'><dl class='gallery-item'>\n\t\t\t<dt class='gallery-icon portrait'>\n\t\t\t\t<a href='https:\/\/rol-lift.ee\/et\/trepironijad\/trepironijad-firmast-aat-alber-antriebstechnik\/escalino-technische-daten\/'><img loading=\"lazy\" decoding=\"async\" width=\"150\" height=\"150\" src=\"https:\/\/rol-lift.ee\/wp-content\/uploads\/2015\/03\/escalino-technische-daten-150x150.jpg\" class=\"attachment-thumbnail size-thumbnail\" alt=\"\" \/><\/a>\n\t\t\t<\/dt><\/dl><dl class='gallery-item'>\n\t\t\t<dt class='gallery-icon portrait'>\n\t\t\t\t<a href='https:\/\/rol-lift.ee\/et\/trepironijad\/trepironijad-firmast-aat-alber-antriebstechnik\/escalino-treppe-1\/'><img loading=\"lazy\" decoding=\"async\" width=\"150\" height=\"150\" src=\"https:\/\/rol-lift.ee\/wp-content\/uploads\/2015\/03\/escalino-treppe-1-150x150.jpg\" class=\"attachment-thumbnail size-thumbnail\" alt=\"\" \/><\/a>\n\t\t\t<\/dt><\/dl><dl class='gallery-item'>\n\t\t\t<dt class='gallery-icon portrait'>\n\t\t\t\t<a href='https:\/\/rol-lift.ee\/et\/trepironijad\/trepironijad-firmast-aat-alber-antriebstechnik\/escalino-treppe-2\/'><img loading=\"lazy\" decoding=\"async\" width=\"150\" height=\"150\" src=\"https:\/\/rol-lift.ee\/wp-content\/uploads\/2015\/03\/escalino-treppe-2-150x150.jpg\" class=\"attachment-thumbnail size-thumbnail\" alt=\"\" \/><\/a>\n\t\t\t<\/dt><\/dl><br style=\"clear: both\" \/>\n\t\t<\/div>\n\n<p><strong>Mudel S-max sella.<\/strong><\/p>\n<p>Trepid on sageli \u00fcletamatu takistus isikutele piiratud liikuvusega. S-max sella seda probleemi lahendab elegantselt ja pingevabalt. T\u00e4nu oma kompaktsetele m\u00f5\u00f5tmetele, trepironija sobib eriti kitsedele treppidele sees kui ka v\u00e4ljaspool.Mudel omab:\u00a0kompaktsed m\u00f5\u00f5tmed,\u00a0eriti sobiv kitsedele treppidele,\u00a0k\u00e4epide reguleerivadega k\u00f5rgusega,\u00a0LED tuled ohutuks kasutamiseks pimedas,\u00a0jalatugi reguleeritava k\u00f5rgusega,\u00a0maksimaalne t\u00f5stev\u00f5ime 170 kg v\u00f5i 195 kg,\u00a0sobib inimese maksimaalse kaaluga 135 kg v\u00f5i 160 kg.<\/p>\n\n\t\t<style type=\"text\/css\">\n\t\t\t#gallery-3 {\n\t\t\t\tmargin: auto;\n\t\t\t}\n\t\t\t#gallery-3 .gallery-item {\n\t\t\t\tfloat: left;\n\t\t\t\tmargin-top: 10px;\n\t\t\t\ttext-align: center;\n\t\t\t\twidth: 33%;\n\t\t\t}\n\t\t\t#gallery-3 img {\n\t\t\t\tborder: 2px solid #cfcfcf;\n\t\t\t}\n\t\t\t#gallery-3 .gallery-caption {\n\t\t\t\tmargin-left: 0;\n\t\t\t}\n\t\t\t\/* see gallery_shortcode() in wp-includes\/media.php *\/\n\t\t<\/style>\n\t\t<div id='gallery-3' class='gallery galleryid-704 gallery-columns-3 gallery-size-thumbnail'><dl class='gallery-item'>\n\t\t\t<dt class='gallery-icon portrait'>\n\t\t\t\t<a href='https:\/\/rol-lift.ee\/et\/trepironijad\/trepironijad-firmast-aat-alber-antriebstechnik\/s-max-sella-technische-daten\/'><img loading=\"lazy\" decoding=\"async\" width=\"150\" height=\"150\" src=\"https:\/\/rol-lift.ee\/wp-content\/uploads\/2015\/03\/s-max-sella-technische-daten-150x150.jpg\" class=\"attachment-thumbnail size-thumbnail\" alt=\"\" \/><\/a>\n\t\t\t<\/dt><\/dl><dl class='gallery-item'>\n\t\t\t<dt class='gallery-icon portrait'>\n\t\t\t\t<a href='https:\/\/rol-lift.ee\/et\/trepironijad\/trepironijad-firmast-aat-alber-antriebstechnik\/s-max-sella-treppe\/'><img loading=\"lazy\" decoding=\"async\" width=\"150\" height=\"150\" src=\"https:\/\/rol-lift.ee\/wp-content\/uploads\/2015\/03\/s-max-sella-treppe-150x150.jpg\" class=\"attachment-thumbnail size-thumbnail\" alt=\"\" \/><\/a>\n\t\t\t<\/dt><\/dl><dl class='gallery-item'>\n\t\t\t<dt class='gallery-icon portrait'>\n\t\t\t\t<a href='https:\/\/rol-lift.ee\/et\/trepironijad\/trepironijad-firmast-aat-alber-antriebstechnik\/s-max-sella-wendel-treppe\/'><img loading=\"lazy\" decoding=\"async\" width=\"150\" height=\"150\" src=\"https:\/\/rol-lift.ee\/wp-content\/uploads\/2015\/03\/s-max-sella-wendel-treppe-150x150.jpg\" class=\"attachment-thumbnail size-thumbnail\" alt=\"\" \/><\/a>\n\t\t\t<\/dt><\/dl><br style=\"clear: both\" \/>\n\t\t<\/div>\n\n<p><strong>Mudel S-max.<\/strong><\/p>\n<p>S-max on trepironija mille peale saab paigaldada peaaegu k\u00f5ik ratastoolide t\u00fc\u00fcbid.<br \/>\nT\u00f5stukil on kompaktsed m\u00f5\u00f5tmed ja madal netokaal,\u00a0saab salvestada kergesti autos,\u00a0\u00fcheetapiline re\u017eiim,\u00a0lihtne kasutamine ja k\u00e4itlemine,\u00a0maksimaalne t\u00f5stev\u00f5ime 155 kg v\u00f5i 180 kg,\u00a0sobib inimese maksimaalse kaaluga 115 kg v\u00f5i 140 kg.<\/p>\n\n\t\t<style type=\"text\/css\">\n\t\t\t#gallery-4 {\n\t\t\t\tmargin: auto;\n\t\t\t}\n\t\t\t#gallery-4 .gallery-item {\n\t\t\t\tfloat: left;\n\t\t\t\tmargin-top: 10px;\n\t\t\t\ttext-align: center;\n\t\t\t\twidth: 33%;\n\t\t\t}\n\t\t\t#gallery-4 img {\n\t\t\t\tborder: 2px solid #cfcfcf;\n\t\t\t}\n\t\t\t#gallery-4 .gallery-caption {\n\t\t\t\tmargin-left: 0;\n\t\t\t}\n\t\t\t\/* see gallery_shortcode() in wp-includes\/media.php *\/\n\t\t<\/style>\n\t\t<div id='gallery-4' class='gallery galleryid-704 gallery-columns-3 gallery-size-thumbnail'><dl class='gallery-item'>\n\t\t\t<dt class='gallery-icon portrait'>\n\t\t\t\t<a href='https:\/\/rol-lift.ee\/et\/trepironijad\/trepironijad-firmast-aat-alber-antriebstechnik\/s-max-technische-daten\/'><img loading=\"lazy\" decoding=\"async\" width=\"150\" height=\"150\" src=\"https:\/\/rol-lift.ee\/wp-content\/uploads\/2015\/03\/s-max-technische-daten-150x150.jpg\" class=\"attachment-thumbnail size-thumbnail\" alt=\"\" \/><\/a>\n\t\t\t<\/dt><\/dl><dl class='gallery-item'>\n\t\t\t<dt class='gallery-icon portrait'>\n\t\t\t\t<a href='https:\/\/rol-lift.ee\/et\/trepironijad\/trepironijad-firmast-aat-alber-antriebstechnik\/s-max-kids-treppe\/'><img loading=\"lazy\" decoding=\"async\" width=\"150\" height=\"150\" src=\"https:\/\/rol-lift.ee\/wp-content\/uploads\/2015\/03\/s-max-kids-treppe-150x150.jpg\" class=\"attachment-thumbnail size-thumbnail\" alt=\"\" \/><\/a>\n\t\t\t<\/dt><\/dl><dl class='gallery-item'>\n\t\t\t<dt class='gallery-icon portrait'>\n\t\t\t\t<a href='https:\/\/rol-lift.ee\/et\/trepironijad\/trepironijad-firmast-aat-alber-antriebstechnik\/s-max-treppe-2\/'><img loading=\"lazy\" decoding=\"async\" width=\"150\" height=\"150\" src=\"https:\/\/rol-lift.ee\/wp-content\/uploads\/2015\/03\/s-max-treppe-2-150x150.jpg\" class=\"attachment-thumbnail size-thumbnail\" alt=\"\" \/><\/a>\n\t\t\t<\/dt><\/dl><br style=\"clear: both\" \/>\n\t\t<\/div>\n\n<p><strong>Mudel C-max U2.<\/strong><\/p>\n<p>C-max U2 oli m\u00f5eldud ametialaseks kasutamiseks nt kiirabiautodes. Mudeliga C-max U2 patsienti on v\u00f5imalik transportida kiiresti ja ohutult \u00fcle eraldi samme v\u00f5i trepi ja samuti tasasel pinnal. Mudel on\u00a0turvaline ja kiire, transport patsientidest \u00fcle \u00fche sammu samuti treppidel,\u00a0kokkupandav, s\u00e4\u00e4stab ruumi,\u00a0lihtne ja mugav kasutades,\u00a0sobib inimesele, mille maksimaalne kaal on 140kg | 160 kg.<\/p>\n<p>\n\t\t<style type=\"text\/css\">\n\t\t\t#gallery-5 {\n\t\t\t\tmargin: auto;\n\t\t\t}\n\t\t\t#gallery-5 .gallery-item {\n\t\t\t\tfloat: left;\n\t\t\t\tmargin-top: 10px;\n\t\t\t\ttext-align: center;\n\t\t\t\twidth: 33%;\n\t\t\t}\n\t\t\t#gallery-5 img {\n\t\t\t\tborder: 2px solid #cfcfcf;\n\t\t\t}\n\t\t\t#gallery-5 .gallery-caption {\n\t\t\t\tmargin-left: 0;\n\t\t\t}\n\t\t\t\/* see gallery_shortcode() in wp-includes\/media.php *\/\n\t\t<\/style>\n\t\t<div id='gallery-5' class='gallery galleryid-704 gallery-columns-3 gallery-size-thumbnail'><dl class='gallery-item'>\n\t\t\t<dt class='gallery-icon portrait'>\n\t\t\t\t<a href='https:\/\/rol-lift.ee\/et\/trepironijad\/trepironijad-firmast-aat-alber-antriebstechnik\/c-max-u2-technische-daten\/'><img loading=\"lazy\" decoding=\"async\" width=\"150\" height=\"150\" src=\"https:\/\/rol-lift.ee\/wp-content\/uploads\/2015\/03\/c-max-u2-technische-daten-150x150.jpg\" class=\"attachment-thumbnail size-thumbnail\" alt=\"\" \/><\/a>\n\t\t\t<\/dt><\/dl><dl class='gallery-item'>\n\t\t\t<dt class='gallery-icon portrait'>\n\t\t\t\t<a href='https:\/\/rol-lift.ee\/et\/trepironijad\/trepironijad-firmast-aat-alber-antriebstechnik\/c-max-u2-einsatz\/'><img loading=\"lazy\" decoding=\"async\" width=\"150\" height=\"150\" src=\"https:\/\/rol-lift.ee\/wp-content\/uploads\/2015\/03\/c-max-u2-einsatz-150x150.jpg\" class=\"attachment-thumbnail size-thumbnail\" alt=\"\" \/><\/a>\n\t\t\t<\/dt><\/dl><dl class='gallery-item'>\n\t\t\t<dt class='gallery-icon portrait'>\n\t\t\t\t<a href='https:\/\/rol-lift.ee\/et\/trepironijad\/trepironijad-firmast-aat-alber-antriebstechnik\/c-max-u2-treppe\/'><img loading=\"lazy\" decoding=\"async\" width=\"150\" height=\"150\" src=\"https:\/\/rol-lift.ee\/wp-content\/uploads\/2015\/03\/c-max-u2-treppe-150x150.jpg\" class=\"attachment-thumbnail size-thumbnail\" alt=\"\" \/><\/a>\n\t\t\t<\/dt><\/dl><br style=\"clear: both\" \/>\n\t\t<\/div>\n<\/p>","protected":false},"excerpt":{"rendered":"<p>Ettev\u00f5te AAT Alber Antriebstechnik GmbH on mitmek\u00fclgse ja mugava treppronimise s\u00fcsteemide tootja. AAT firma pakub 5 erineva mudeli Mudel C-max U1. Kerge ja kompaktne c-max U1 on sinu ideaalne kaaslane igap\u00e4evaelus. Sellega saab kergesti \u00fcletada trepid ja hakkama k\u00f5nniteed turvaliselt ja mugavalt,\u00a0rohkem liikuvust ja elukvaliteet,\u00a0lihtne ja ohutu k\u00e4itlemine,\u00a0v\u00e4he f\u00fc\u00fcsilist pingutust on vaja kohta osa saatjal,\u00a0lihtne [&hellip;]<\/p>\n","protected":false},"author":2,"featured_media":724,"parent":39,"menu_order":0,"comment_status":"open","ping_status":"open","template":"","meta":{"footnotes":""},"class_list":["post-704","page","type-page","status-publish","has-post-thumbnail","hentry"],"_links":{"self":[{"href":"https:\/\/rol-lift.ee\/et\/wp-json\/wp\/v2\/pages\/704","targetHints":{"allow":["GET"]}}],"collection":[{"href":"https:\/\/rol-lift.ee\/et\/wp-json\/wp\/v2\/pages"}],"about":[{"href":"https:\/\/rol-lift.ee\/et\/wp-json\/wp\/v2\/types\/page"}],"author":[{"embeddable":true,"href":"https:\/\/rol-lift.ee\/et\/wp-json\/wp\/v2\/users\/2"}],"replies":[{"embeddable":true,"href":"https:\/\/rol-lift.ee\/et\/wp-json\/wp\/v2\/comments?post=704"}],"version-history":[{"count":5,"href":"https:\/\/rol-lift.ee\/et\/wp-json\/wp\/v2\/pages\/704\/revisions"}],"predecessor-version":[{"id":728,"href":"https:\/\/rol-lift.ee\/et\/wp-json\/wp\/v2\/pages\/704\/revisions\/728"}],"up":[{"embeddable":true,"href":"https:\/\/rol-lift.ee\/et\/wp-json\/wp\/v2\/pages\/39"}],"wp:featuredmedia":[{"embeddable":true,"href":"https:\/\/rol-lift.ee\/et\/wp-json\/wp\/v2\/media\/724"}],"wp:attachment":[{"href":"https:\/\/rol-lift.ee\/et\/wp-json\/wp\/v2\/media?parent=704"}],"curies":[{"name":"wp","href":"https:\/\/api.w.org\/{rel}","templated":true}]}}